{"id":8143,"date":"2025-11-08T22:18:39","date_gmt":"2025-11-08T21:18:39","guid":{"rendered":"https:\/\/faceart.club\/online-termin\/?page_id=8143"},"modified":"2026-04-06T16:51:25","modified_gmt":"2026-04-06T14:51:25","slug":"homepage-new-neue-mitarbeiter-nat","status":"publish","type":"page","link":"https:\/\/faceart.club\/online-termin\/","title":{"rendered":"Homepage New Neue Mitarbeiter NAT"},"content":{"rendered":"[et_pb_section fb_built=&#8221;1&#8243; admin_label=&#8221;section&#8221; _builder_version=&#8221;4.16&#8243; global_colors_info=&#8221;{}&#8221;][et_pb_row admin_label=&#8221;row&#8221; _builder_version=&#8221;4.16&#8243; background_size=&#8221;initial&#8221; background_position=&#8221;top_left&#8221; background_repeat=&#8221;repeat&#8221; global_colors_info=&#8221;{}&#8221;][et_pb_column type=&#8221;4_4&#8243; _builder_version=&#8221;4.16&#8243; custom_padding=&#8221;|||&#8221; global_colors_info=&#8221;{}&#8221; custom_padding__hover=&#8221;|||&#8221;][et_pb_text _builder_version=&#8221;4.27.4&#8243; _module_preset=&#8221;default&#8221; global_colors_info=&#8221;{}&#8221;]<h1>Online Termin Buchung<\/h1>\n<p>Termin Buchung f\u00fcr unseres Studio in <strong>Stuttgart-Sillenbuch<\/strong> f\u00fcr <strong>Microblading, Wimpernlifting, Wimpernverl\u00e4ngerung &amp; Augenbrauenlifting<\/strong><\/p>[\/et_pb_text][et_pb_text admin_label=&#8221;Text&#8221; _builder_version=&#8221;4.27.4&#8243; background_size=&#8221;initial&#8221; background_position=&#8221;top_left&#8221; background_repeat=&#8221;repeat&#8221; global_colors_info=&#8221;{}&#8221;]\n<!--\nPlugin Name: Bookly - Responsive WordPress Appointment Booking and Scheduling Plugin\nPlugin URI: https:\/\/www.booking-wp-plugin.com\/?utm_source=bookly_admin&utm_medium=plugins_page&utm_campaign=plugins_page\nVersion: 27.5-->\n<style type=\"text\/css\">\n    :root {\n        --bookly-main-color: #072b46 !important;\n        --bookly-color: #072b46 !important;\n    }\n\n        .bookly-nav-steps {\n    border-top: none !important;\n}\n.bookly-box.bookly-nav-steps button {\n\tborder-radius: 32px !important;\n}\n.bookly-pointer-events-none {\n\ttext-decoration:line-through;\n}\n\n.bookly-form * {\n    font-size: 18px;\n}\n\n\n.bookly-form label, .bookly-form select {\n    font-size: 18px !important;\n}\n\n.bookly-css-root .bookly-form .bookly-text-sm, .bookly-columnizer .bookly-day, .bookly-form input[type=\"text\"] {\n    font-size: 18px !important;\n}\n\n@media only screen and (max-width: 767px) {\n.bookly-css-root .bookly-form .bookly-min-w-\\[200px\\]  {\n  width: 100%;\n}\n}\n\n.bookly-form .bookly-label-error {\n\tcolor:red !important;\n}    <\/style><div class=\"bookly-css-root\">\n    <div id=\"bookly-form-container-69f59f616569d\" class=\"bookly-form\" data-form_id=\"\" aria-live=\"polite\">\n        <div style=\"text-align: center\"><img decoding=\"async\" src=\"https:\/\/faceart.club\/online-termin\/wp-includes\/js\/tinymce\/skins\/lightgray\/img\/loader.gif\" alt=\"Wird geladen ...\"\/><\/div>\n    <\/div>\n<\/div>\n<script type=\"text\/javascript\">\n    (function (win, fn) {\n        var done = false, top = true,\n            doc = win.document,\n            root = doc.documentElement,\n            modern = doc.addEventListener,\n            add = modern ? 'addEventListener' : 'attachEvent',\n            rem = modern ? 'removeEventListener' : 'detachEvent',\n            pre = modern ? '' : 'on',\n            init = function (e) {\n                if (e.type == 'readystatechange') if (doc.readyState != 'complete') return;\n                (e.type == 'load' ? win : doc)[rem](pre + e.type, init, false);\n                if (!done) {\n                    done = true;\n                    fn.call(win, e.type || e);\n                }\n            },\n            poll = function () {\n                try {\n                    root.doScroll('left');\n                } catch (e) {\n                    setTimeout(poll, 50);\n                    return;\n                }\n                init('poll');\n            };\n        if (doc.readyState == 'complete') fn.call(win, 'lazy');\n        else {\n            if (!modern) if (root.doScroll) {\n                try {\n                    top = !win.frameElement;\n                } catch (e) {\n                }\n                if (top) poll();\n            }\n            doc[add](pre + 'DOMContentLoaded', init, false);\n            doc[add](pre + 'readystatechange', init, false);\n            win[add](pre + 'load', init, false);\n        }\n    })(window, function () {\n        window.bookly( {\"form_id\":\"69f59f616569d\",\"form_data\":{\"skip_service_step\":0,\"hide_service_part1\":0,\"hide_service_part2\":1,\"defaults\":{\"service_id\":0,\"staff_id\":0,\"location_id\":0,\"category_id\":0,\"units\":0,\"date_from\":0,\"time_from\":0,\"time_to\":0}},\"status\":{\"booking\":\"new\"},\"form_token\":null,\"skip_steps\":{\"service_part1\":0,\"service_part2\":1,\"extras\":1,\"time\":0,\"repeat\":1,\"cart\":0},\"errors\":{\"session_error\":\"Session-Fehler.\",\"form_id_error\":\"Formular-ID Fehler.\",\"cart_item_not_available\":\"Die markierte Uhrzeit ist nicht mehr verf\\u00fcgbar. Bitte w\\u00e4hle einen anderen Zeitraum aus.\",\"pay_locally_not_available\":\"Vor Ort zahlen ist nicht verf\\u00fcgbar.\",\"invalid_gateway\":\"Ung\\u00fcltiger Zugang.\",\"payment_error\":\"Fehler.\",\"incorrect_username_password\":\"Der Benutzername oder das Passwort ist falsch.\"},\"form_attributes\":{\"hide_categories\":false,\"hide_services\":false,\"hide_staff_members\":false,\"show_number_of_persons\":false,\"hide_service_duration\":true,\"hide_locations\":true,\"hide_quantity\":true,\"hide_date\":true,\"hide_week_days\":true,\"hide_time_range\":true},\"use_client_time_zone\":1,\"defaults\":{\"service_id\":0,\"staff_id\":0,\"location_id\":0,\"category_id\":0},\"datepicker_mode\":\"text-accent\",\"facebook\":{\"enabled\":0,\"appId\":\"2859285920902660\"}} );\n    });\n<\/script>\n[\/et_pb_text][et_pb_text _builder_version=&#8221;4.27.6&#8243; _module_preset=&#8221;default&#8221; header_2_font=&#8221;The Seasons Bold|800|||||||&#8221; hover_enabled=&#8221;0&#8243; locked=&#8221;off&#8221; global_colors_info=&#8221;{}&#8221; sticky_enabled=&#8221;0&#8243;]<strong>Hinweise:<\/strong>\n<ul>\n\t<li>Alle Aktionsrabatte werden direkt bei der Zahlung vor Ort ber\u00fccksichtigt.<\/li>\n\t<li>Der Preis f\u00fcr das Auff\u00fcllen der Wimpernverl\u00e4ngerung wird vor Ort anhand der vergangenen Wochen berechnet. Die genauen Preise findest du unter diesem Link <a href=\"\/preise\/\">Preise<\/a>.<\/li>\n<\/ul>[\/et_pb_text][et_pb_text _builder_version=&#8221;4.27.4&#8243; _module_preset=&#8221;default&#8221; locked=&#8221;off&#8221; global_colors_info=&#8221;{}&#8221;]<p>F\u00fcr <strong>weitere Behandlungen<\/strong>, einen <strong>kurzfristigen Termin<\/strong> noch heute oder falls du im System keinen passenden Termin findest, kannst du dich gerne bei uns melden. Wenn du einen Termin bei unserer <strong>Master Stylistin \u00c2n<\/strong> m\u00f6chtest, kontaktiere uns bitte direkt \u00fcber WhatsApp: <a href=\"https:\/\/api.whatsapp.com\/send?phone=49015783443899&amp;text=Hallo+FaceArt+Club\" target=\"_blank\" rel=\"noopener\">0157-8344-3899<\/a><\/p>[\/et_pb_text][\/et_pb_column][\/et_pb_row][et_pb_row column_structure=&#8221;1_2,1_2&#8243; admin_label=&#8221;row&#8221; _builder_version=&#8221;4.27.2&#8243; background_size=&#8221;initial&#8221; background_position=&#8221;top_left&#8221; background_repeat=&#8221;repeat&#8221; custom_margin=&#8221;||0px||false|false&#8221; custom_padding=&#8221;||0px||false|false&#8221; locked=&#8221;off&#8221; global_colors_info=&#8221;{}&#8221;][et_pb_column type=&#8221;1_2&#8243; _builder_version=&#8221;4.16&#8243; custom_padding=&#8221;|||&#8221; global_colors_info=&#8221;{}&#8221; custom_padding__hover=&#8221;|||&#8221;][et_pb_text _builder_version=&#8221;4.27.2&#8243; _module_preset=&#8221;default&#8221; text_font_size=&#8221;20px&#8221; global_colors_info=&#8221;{}&#8221;]<strong>Microblading Augenbrauen<\/strong>[\/et_pb_text][\/et_pb_column][et_pb_column type=&#8221;1_2&#8243; _builder_version=&#8221;4.16&#8243; custom_padding=&#8221;|||&#8221; global_colors_info=&#8221;{}&#8221; custom_padding__hover=&#8221;|||&#8221;][et_pb_button button_url=&#8221;https:\/\/api.whatsapp.com\/send?phone=49015783443899&#038;text=Hallo+FaceArt+Ich+m%C3%B6chte+einen+Termin+f%C3%BCr+Microblading+haben&#8221; url_new_window=&#8221;on&#8221; button_text=&#8221;WhatsApp \u00f6ffnen&#8221; button_alignment=&#8221;right&#8221; module_class=&#8221;whatsAppButton&#8221; _builder_version=&#8221;4.27.4&#8243; _module_preset=&#8221;default&#8221; custom_button=&#8221;on&#8221; button_icon=&#8221;&#xf232;||fa||400&#8243; button_icon_placement=&#8221;left&#8221; button_on_hover=&#8221;off&#8221; global_colors_info=&#8221;{}&#8221;][\/et_pb_button][\/et_pb_column][\/et_pb_row][et_pb_row column_structure=&#8221;1_2,1_2&#8243; _builder_version=&#8221;4.27.2&#8243; _module_preset=&#8221;default&#8221; custom_margin=&#8221;||0px||false|false&#8221; custom_padding=&#8221;||0px||false|false&#8221; locked=&#8221;off&#8221; global_colors_info=&#8221;{}&#8221;][et_pb_column type=&#8221;1_2&#8243; _builder_version=&#8221;4.27.2&#8243; _module_preset=&#8221;default&#8221; global_colors_info=&#8221;{}&#8221;][et_pb_text _builder_version=&#8221;4.27.2&#8243; _module_preset=&#8221;default&#8221; text_font_size=&#8221;20px&#8221; global_colors_info=&#8221;{}&#8221;]<p><strong>Wimpernverl\u00e4ngerung<\/strong><\/p>[\/et_pb_text][\/et_pb_column][et_pb_column type=&#8221;1_2&#8243; _builder_version=&#8221;4.27.2&#8243; _module_preset=&#8221;default&#8221; global_colors_info=&#8221;{}&#8221;][et_pb_button button_url=&#8221;https:\/\/api.whatsapp.com\/send?phone=49015783443899&#038;text=Hallo+FaceArt+Ich+m%C3%B6chte+einen+Termin+f%C3%BCr+Wimpernverl%C3%A4ngerung+haben&#8221; url_new_window=&#8221;on&#8221; button_text=&#8221;WhatsApp \u00f6ffnen&#8221; button_alignment=&#8221;right&#8221; module_class=&#8221;whatsAppButton&#8221; _builder_version=&#8221;4.27.4&#8243; _module_preset=&#8221;default&#8221; custom_button=&#8221;on&#8221; button_icon=&#8221;&#xf232;||fa||400&#8243; button_icon_placement=&#8221;left&#8221; button_on_hover=&#8221;off&#8221; global_colors_info=&#8221;{}&#8221;][\/et_pb_button][\/et_pb_column][\/et_pb_row][\/et_pb_section]","protected":false},"excerpt":{"rendered":"<p>Online Termin Buchung Termin Buchung f\u00fcr unseres Studio in Stuttgart-Sillenbuch f\u00fcr Microblading, Wimpernlifting, Wimpernverl\u00e4ngerung &amp; Augenbrauenlifting <!--\nPlugin Name: Bookly - Responsive WordPress Appointment Booking and Scheduling Plugin\nPlugin URI: https:\/\/www.booking-wp-plugin.com\/?utm_source=bookly_admin&utm_medium=plugins_page&utm_campaign=plugins_page\nVersion: 27.5-->\n<style type=\"text\/css\">\n    :root {\n        --bookly-main-color: #072b46 !important;\n        --bookly-color: #072b46 !important;\n    }\n\n        .bookly-nav-steps {\n    border-top: none !important;\n}\n.bookly-box.bookly-nav-steps button {\n\tborder-radius: 32px !important;\n}\n.bookly-pointer-events-none {\n\ttext-decoration:line-through;\n}\n\n.bookly-form * {\n    font-size: 18px;\n}\n\n\n.bookly-form label, .bookly-form select {\n    font-size: 18px !important;\n}\n\n.bookly-css-root .bookly-form .bookly-text-sm, .bookly-columnizer .bookly-day, .bookly-form input[type=\"text\"] {\n    font-size: 18px !important;\n}\n\n@media only screen and (max-width: 767px) {\n.bookly-css-root .bookly-form .bookly-min-w-\\[200px\\]  {\n  width: 100%;\n}\n}\n\n.bookly-form .bookly-label-error {\n\tcolor:red !important;\n}    <\/style><div class=\"bookly-css-root\">\n    <div id=\"bookly-form-container-69f59f6168cf0\" class=\"bookly-form\" data-form_id=\"\" aria-live=\"polite\">\n        <div style=\"text-align: center\"><img decoding=\"async\" src=\"https:\/\/faceart.club\/online-termin\/wp-includes\/js\/tinymce\/skins\/lightgray\/img\/loader.gif\" alt=\"Wird geladen ...\"\/><\/div>\n    <\/div>\n<\/div>\n<script type=\"text\/javascript\">\n    (function (win, fn) {\n        var done = false, top = true,\n            doc = win.document,\n            root = doc.documentElement,\n            modern = doc.addEventListener,\n            add = modern ? 'addEventListener' : 'attachEvent',\n            rem = modern ? 'removeEventListener' : 'detachEvent',\n            pre = modern ? '' : 'on',\n            init = function (e) {\n                if (e.type == 'readystatechange') if (doc.readyState != 'complete') return;\n                (e.type == 'load' ? win : doc)[rem](pre + e.type, init, false);\n                if (!done) {\n                    done = true;\n                    fn.call(win, e.type || e);\n                }\n            },\n            poll = function () {\n                try {\n                    root.doScroll('left');\n                } catch (e) {\n                    setTimeout(poll, 50);\n                    return;\n                }\n                init('poll');\n            };\n        if (doc.readyState == 'complete') fn.call(win, 'lazy');\n        else {\n            if (!modern) if (root.doScroll) {\n                try {\n                    top = !win.frameElement;\n                } catch (e) {\n                }\n                if (top) poll();\n            }\n            doc[add](pre + 'DOMContentLoaded', init, false);\n            doc[add](pre + 'readystatechange', init, false);\n            win[add](pre + 'load', init, false);\n        }\n    })(window, function () {\n        window.bookly( {\"form_id\":\"69f59f6168cf0\",\"form_data\":{\"skip_service_step\":0,\"hide_service_part1\":0,\"hide_service_part2\":1,\"defaults\":{\"service_id\":0,\"staff_id\":0,\"location_id\":0,\"category_id\":0,\"units\":0,\"date_from\":0,\"time_from\":0,\"time_to\":0}},\"status\":{\"booking\":\"new\"},\"form_token\":null,\"skip_steps\":{\"service_part1\":0,\"service_part2\":1,\"extras\":1,\"time\":0,\"repeat\":1,\"cart\":0},\"errors\":{\"session_error\":\"Session-Fehler.\",\"form_id_error\":\"Formular-ID Fehler.\",\"cart_item_not_available\":\"Die markierte Uhrzeit ist nicht mehr verf\\u00fcgbar. Bitte w\\u00e4hle einen anderen Zeitraum aus.\",\"pay_locally_not_available\":\"Vor Ort zahlen ist nicht verf\\u00fcgbar.\",\"invalid_gateway\":\"Ung\\u00fcltiger Zugang.\",\"payment_error\":\"Fehler.\",\"incorrect_username_password\":\"Der Benutzername oder das Passwort ist falsch.\"},\"form_attributes\":{\"hide_categories\":false,\"hide_services\":false,\"hide_staff_members\":false,\"show_number_of_persons\":false,\"hide_service_duration\":true,\"hide_locations\":true,\"hide_quantity\":true,\"hide_date\":true,\"hide_week_days\":true,\"hide_time_range\":true},\"use_client_time_zone\":1,\"defaults\":{\"service_id\":0,\"staff_id\":0,\"location_id\":0,\"category_id\":0},\"datepicker_mode\":\"text-accent\",\"facebook\":{\"enabled\":0,\"appId\":\"2859285920902660\"}} );\n    });\n<\/script> Hinweise: Alle Aktionsrabatte werden direkt bei der Zahlung vor Ort ber\u00fccksichtigt. Der Preis f\u00fcr das Auff\u00fcllen der Wimpernverl\u00e4ngerung wird vor Ort anhand der vergangenen Wochen berechnet. Die genauen Preise findest du unter diesem Link Preise. F\u00fcr weitere [&hellip;]<\/p>\n","protected":false},"author":1,"featured_media":0,"parent":0,"menu_order":0,"comment_status":"closed","ping_status":"closed","template":"","meta":{"_et_pb_use_builder":"on","_et_pb_old_content":"<!-- wp:bookly\/form -->\n<div class=\"wp-block-bookly-form\">[bookly-form]<\/div>\n<!-- \/wp:bookly\/form -->","_et_gb_content_width":"1060","footnotes":""},"class_list":["post-8143","page","type-page","status-publish","hentry"],"_links":{"self":[{"href":"https:\/\/faceart.club\/online-termin\/wp-json\/wp\/v2\/pages\/8143","targetHints":{"allow":["GET"]}}],"collection":[{"href":"https:\/\/faceart.club\/online-termin\/wp-json\/wp\/v2\/pages"}],"about":[{"href":"https:\/\/faceart.club\/online-termin\/wp-json\/wp\/v2\/types\/page"}],"author":[{"embeddable":true,"href":"https:\/\/faceart.club\/online-termin\/wp-json\/wp\/v2\/users\/1"}],"replies":[{"embeddable":true,"href":"https:\/\/faceart.club\/online-termin\/wp-json\/wp\/v2\/comments?post=8143"}],"version-history":[{"count":9,"href":"https:\/\/faceart.club\/online-termin\/wp-json\/wp\/v2\/pages\/8143\/revisions"}],"predecessor-version":[{"id":8165,"href":"https:\/\/faceart.club\/online-termin\/wp-json\/wp\/v2\/pages\/8143\/revisions\/8165"}],"wp:attachment":[{"href":"https:\/\/faceart.club\/online-termin\/wp-json\/wp\/v2\/media?parent=8143"}],"curies":[{"name":"wp","href":"https:\/\/api.w.org\/{rel}","templated":true}]}}