{"id":5984,"date":"2023-12-12T18:59:14","date_gmt":"2023-12-12T16:59:14","guid":{"rendered":"https:\/\/mimi-lashes.de\/shop\/?page_id=5984"},"modified":"2023-12-12T19:00:26","modified_gmt":"2023-12-12T17:00:26","slug":"datenschutz","status":"publish","type":"page","link":"https:\/\/faceart.club\/shop\/datenschutz\/","title":{"rendered":"Datenschutz"},"content":{"rendered":"<p>[et_pb_section fb_built=&#8220;1&#8243; theme_builder_area=&#8220;post_content&#8220; _builder_version=&#8220;4.23.1&#8243; _module_preset=&#8220;default&#8220;][et_pb_row _builder_version=&#8220;4.23.1&#8243; _module_preset=&#8220;default&#8220; theme_builder_area=&#8220;post_content&#8220;][et_pb_column _builder_version=&#8220;4.23.1&#8243; _module_preset=&#8220;default&#8220; type=&#8220;4_4&#8243; theme_builder_area=&#8220;post_content&#8220;][et_pb_text _builder_version=&#8220;4.23.1&#8243; _module_preset=&#8220;default&#8220; theme_builder_area=&#8220;post_content&#8220; hover_enabled=&#8220;0&#8243; sticky_enabled=&#8220;0&#8243;]<\/p>\n<div id=\"main-content\">\n<article id=\"post-1668\" class=\"post-1668 page type-page status-publish hentry\">\n<div class=\"entry-content\">\n<div class=\"et-l et-l--post\">\n<div class=\"et_builder_inner_content et_pb_gutters3\">\n<div class=\"et_pb_section et_pb_section_0 et_section_regular\">\n<div class=\"et_pb_row et_pb_row_0\">\n<div class=\"et_pb_column et_pb_column_4_4 et_pb_column_0  et_pb_css_mix_blend_mode_passthrough et-last-child\">\n<div class=\"et_pb_module et_pb_text et_pb_text_0  et_pb_text_align_left et_pb_bg_layout_light\">\n<div class=\"et_pb_text_inner\">\n<h1>Datenschutzerkl\u00e4rung<\/h1>\n<p>&nbsp;<\/p>\n<p>In dieser Datenschutzerkl\u00e4rung informieren wir Sie \u00fcber die Verarbeitung Ihrer personenbezogenen Daten.<\/p>\n<p>Sofern Sie Ihre Datenschutzeinstellungen \u00e4ndern m\u00f6chten (Einwilligungen erteilen oder bereits erteilte Einwilligungen widerrufen), klicken Sie<span>\u00a0<\/span><a target=\"_blank\" href=\"https:\/\/faceart.club\/datenschutz\/#\" class=\"sp-dsgvo-show-privacy-popup\" rel=\"noopener\">hier<\/a><span>\u00a0<\/span>um Ihre Einstellungen zu \u00e4ndern.<\/p>\n<h2>Verantwortlich<\/h2>\n<p>Ngoc An Ta, MiMi Lashes, Scharnhauser Str 36, 73760 Ostfildern, Deutschland,<span>\u00a0<\/span><a href=\"mailto:lashes@kedak.de\">lashes@kedak.de<\/a>,<\/p>\n<h2>Hosting<\/h2>\n<h3>All-inkl.com<\/h3>\n<p>&nbsp;<\/p>\n<p>Wir hosten unsere Website bei unserem Auftragsverarbeiter<span>\u00a0<\/span><a target=\"_blank\" href=\"https:\/\/all-inkl.com\/\" rel=\"noopener\">All-inkl.com<\/a>, ALL-INKL.COM \u2013 Neue Medien M\u00fcnnich, Ren\u00e9 M\u00fcnnich, Hauptstra\u00dfe 68, 02742 Friedersdorf, Deutschland.<\/p>\n<p>Zum Zweck der Bereitstellung und der Auslieferung der Website werden Verbindungsdaten verarbeitet. Zum blo\u00dfen Zweck der Auslieferung und Bereitstellung der Website werden die Daten \u00fcber den Aufruf hinaus nicht gespeichert.<\/p>\n<p>Die Rechtsgrundlage f\u00fcr die Datenverarbeitung ist das berechtigte Interesse (unbedingte technische Notwendigkeit zur Bereitstellung und Auslieferung des von Ihnen durch Ihren Aufruf ausdr\u00fccklich gew\u00fcnschten Dienstes \u201eWebsite\u201c) gem\u00e4\u00df Art. 6 Abs. 1 lit. f DSGVO.<\/p>\n<p>Zum Betrieb der Website werden die Verbindungsdaten und weitere personenbezogenen Daten zus\u00e4tzlich im Rahmen diverser anderer Funktionen bzw. Dienste verarbeitet. Dar\u00fcber wird im Rahmen dieser Datenschutzerkl\u00e4rung bei den einzelnen Funktionen bzw. Diensten im Detail informiert.<\/p>\n<p>&nbsp;<\/p>\n<h2>CDN-Anbieter<\/h2>\n<h3>Cloudflare CDN<\/h3>\n<p>&nbsp;<\/p>\n<p>Wir hosten Teile unserer Website bei unserem Auftragsverarbeiter<span>\u00a0<\/span><a target=\"_blank\" href=\"https:\/\/www.cloudflare.com\/\" rel=\"noopener\">Cloudflare<\/a>, Cloudflare Germany GmbH, Rosental 7, 80331 M\u00fcnchen, Deutschland.<\/p>\n<p>Zum Zweck der Bereitstellung und der Auslieferung der Website werden Verbindungsdaten verarbeitet. Zum blo\u00dfen Zweck der Auslieferung und Bereitstellung der Website werden die Daten \u00fcber den Aufruf hinaus nicht gespeichert. Es erfolgt jedoch eine Speicherung der Verbindungsdaten durch unseren Auftragsverarbeiter zu Sicherheitszwecken. Die Dauer der Verarbeitung zu Sicherheitszwecken ist variabel und endet mit der Notwendigkeit der Sicherheitsma\u00dfnahmen. Zudem anonymisiert unser Auftragsverarbeiter die erhobenen Daten unmittelbar nach der Erhebung und stellt uns die anonymen Daten in Form von Statistiken zur Auswertung zur Verf\u00fcgung. Wir nutzen diese Statistiken zur Fehlerbehebung und zur Weiterentwicklung unserer Website.<\/p>\n<p>Die Rechtsgrundlage f\u00fcr die Datenverarbeitung ist das berechtigte Interesse (unbedingte technische Notwendigkeit zur Bereitstellung und Auslieferung des von Ihnen durch Ihren Aufruf ausdr\u00fccklich gew\u00fcnschten Dienstes \u201eWebsite\u201c) gem\u00e4\u00df Art. 6 Abs. 1 lit. f DSGVO.<\/p>\n<p>&nbsp;<\/p>\n<h2>Sicherheitsdienste<\/h2>\n<p>&nbsp;<\/p>\n<p>Auf dieser Website nutzen wir zur Vermeidung von nicht menschlichen und automatisierten Eingaben das Angebot von Sicherheitsdienstleistern wie Captcha-Diensten.<\/p>\n<p>&nbsp;<\/p>\n<h3>Google reCAPTCHA<\/h3>\n<p>&nbsp;<\/p>\n<p>Im Fall der Erteilung Ihrer Einwilligung verarbeiten wir mit dem Dienst<span>\u00a0<\/span><a target=\"_blank\" href=\"https:\/\/www.google.com\/recaptcha\/intro\/v3.html\" rel=\"noopener\">Google reCaptcha<\/a>, Google Ireland Limited, Gordon House, Barrow Street, Dublin 4, Irland als gemeinsame Verantwortliche Ihre personenbezogenen Daten zum Zweck der Vermeidung nicht menschlicher und automatisierter Eingaben. Dabei erm\u00f6glichen wir dem Dienst das Setzen von Cookies, die Erhebung von Verbindungsdaten und Daten ihres Webbrowsers. Zudem erm\u00f6glichen wir dem Dienst die Berechnung einer User-ID zur eindeutigen Identifizierung des Users im Rahmen des von Google betriebenen Werbenetzwerkes. Daten werden auf Ihrem Ger\u00e4t f\u00fcr die Dauer von bis zu zwei Jahren gespeichert.<\/p>\n<p>Die Rechtsgrundlage f\u00fcr die Datenverarbeitung ist Ihre Einwilligung gem\u00e4\u00df Art. 6 Abs 1 lit. a DSGVO. Die Nichterteilung der Einwilligung hat zur Folge, dass die Nutzung von reCaptcha und damit verbundenen Formularen nicht m\u00f6glich ist.<\/p>\n<p>Eine bereits erteilte Einwilligung k\u00f6nnen Sie widerrufen, indem Sie die<span>\u00a0<\/span><a target=\"_blank\" class=\"lwb-ppsp\" href=\"https:\/\/faceart.club\/datenschutz\/#\" title=\"Datenschutzeinstellungen\" rel=\"noopener\">Datenschutzeinstellungen<\/a><span>\u00a0<\/span>\u00e4ndern.<\/p>\n<p>Der Google Konzern \u00fcbermittelt Ihre personenbezogenen Daten in die USA. Die Rechtsgrundlage f\u00fcr die Daten\u00fcbermittlung in die USA ist Ihre Einwilligung gem\u00e4\u00df Art. 49 Abs 1 lit a iVm Art. 6 Abs 1 lit a DSGVO in Verbindung mit \u00a725 TTDSG. Sie wurden bereits vor Erteilung Ihrer Einwilligung informiert, dass die USA \u00fcber kein den Standards der EU entsprechendes Datenschutzniveau verf\u00fcgt. Insbesondere k\u00f6nnen US Geheimdienste auf Ihre Daten zugreifen, ohne dass Sie dar\u00fcber informiert werden und ohne dass Sie dagegen rechtlich vorgehen k\u00f6nnen. Der Europ\u00e4ische Gerichtshof hat aus diesem Grund in einem Urteil den fr\u00fcheren Angemessenheitsbeschluss (Privacy Shield) f\u00fcr ung\u00fcltig erkl\u00e4rt.<\/p>\n<p>&nbsp;<\/p>\n<h2>Analysedienste<\/h2>\n<h3>Google Analytics<\/h3>\n<p>&nbsp;<\/p>\n<p>Im Fall der Erteilung Ihrer Einwilligung verarbeiten wir mit dem Dienst<span>\u00a0<\/span><a target=\"_blank\" href=\"https:\/\/analytics.google.com\/\" rel=\"noopener\">Google Analytics<\/a>, Google LLC, Amphitheatre Parkway, Mountain View, CA 94043, USA, als gemeinsame Verantwortliche Ihre personenbezogenen Daten zum Zweck der Fehleranalyse und der statistischen Auswertung unserer Website. Die Nichterteilung der Einwilligung hat auf die Funktion der Website keine unmittelbare Auswirkung, ohne statistische Daten wird uns jedoch die Weiterentwicklung der Website erschwert. Eine bereits erteilte Einwilligung k\u00f6nnen Sie widerrufen, indem Sie die<span>\u00a0<\/span><a target=\"_blank\" class=\"lwb-ppsp\" href=\"https:\/\/faceart.club\/datenschutz\/#\" title=\"Datenschutzeinstellungen\" rel=\"noopener\">Datenschutzeinstellungen<\/a><span>\u00a0<\/span>\u00e4ndern.<\/p>\n<p>Wir erm\u00f6glichen dem Dienst die Erhebung von Verbindungsdaten, Daten ihres Webbrowsers und Daten \u00fcber die aufgerufenen Inhalte sowie die Ausf\u00fchrung von Analysesoftware und die Speicherung von Daten auf ihrem Endger\u00e4t. Der Dienst anonymisiert die erhobenen Daten unmittelbar nach der Erhebung und stellt uns die anonymen Daten in Form von Statistiken zur Auswertung zur Verf\u00fcgung. Wir nutzen diese Statistiken zur Fehlerbehebung und zur Weiterentwicklung unserer Website. Die Daten auf ihrem Endger\u00e4t werden f\u00fcr die Dauer von bis zu zwei Jahren gespeichert.<\/p>\n<p>Die Rechtsgrundlage f\u00fcr die Datenverarbeitung ist Ihre Einwilligung gem\u00e4\u00df Art. 6 Abs 1 lit. a DSGVO. Der Google Konzern \u00fcbermittelt Ihre personenbezogenen Daten in die USA. Die Rechtsgrundlage f\u00fcr die Daten\u00fcbermittlung in die USA ist Ihre Einwilligung gem\u00e4\u00df Art. 49 Abs 1 lit a iVm Art. 6 Abs 1 lit a DSGVO in Verbindung mit \u00a725 TTDSG. Sie wurden bereits vor Erteilung Ihrer Einwilligung informiert, dass die USA \u00fcber kein den Standards der EU entsprechendes Datenschutzniveau verf\u00fcgt. Insbesondere k\u00f6nnen US Geheimdienste auf Ihre Daten zugreifen, ohne dass Sie dar\u00fcber informiert werden und ohne dass Sie dagegen rechtlich vorgehen k\u00f6nnen. Der Europ\u00e4ische Gerichtshof hat aus diesem Grund in einem Urteil den fr\u00fcheren Angemessenheitsbeschluss (Privacy Shield) f\u00fcr ung\u00fcltig erkl\u00e4rt.<\/p>\n<p>&nbsp;<\/p>\n<h2>Widerspruchsrecht<\/h2>\n<p>&nbsp;<\/p>\n<p>Sofern die Verarbeitung Ihrer personenbezogenen Daten auf Grundlage des berechtigten Interesses erfolgt, haben Sie das Recht gegen diese Verarbeitung zu widersprechen.<\/p>\n<p>Sofern keine zwingenden schutzw\u00fcrdigen Gr\u00fcnde f\u00fcr die Verarbeitung unsererseits vorliegen, wird die Verarbeitung Ihrer Daten auf Basis dieser Rechtsgrundlage eingestellt.<\/p>\n<p>Zudem haben Sie das Recht, der Verarbeitung Ihrer personenbezogenen Daten zum Zweck der Direktwerbung zu widersprechen. Im Fall des Widerspruchs werden Ihre personenbezogenen Daten nicht mehr zum Zweck der Direktwerbung verarbeitet.<\/p>\n<p>Die Rechtm\u00e4\u00dfigkeit der bis zum Widerspruch verarbeiteten Daten wird durch den Widerspruch nicht ber\u00fchrt.<\/p>\n<p>&nbsp;<\/p>\n<h2>Widerrufsrecht<\/h2>\n<p>&nbsp;<\/p>\n<p>Sie haben das Recht eine bereits erteilte Einwilligung jederzeit zu widerrufen, indem Sie die<span>\u00a0<\/span><a target=\"_blank\" class=\"lwb-ppsp\" href=\"https:\/\/faceart.club\/datenschutz\/#\" title=\"Datenschutzeinstellungen\" rel=\"noopener\">Datenschutzeinstellungen<\/a><span>\u00a0<\/span>\u00e4ndern.<\/p>\n<p>Im Fall der Einwilligung in den Erhalt elektronischer Werbung kann der Widerruf Ihrer Einwilligung durch Klick auf den Abmeldelink erfolgen. In diesem Fall wird eine Verarbeitung, sofern keine andere Rechtsgrundlage besteht, eingestellt.<\/p>\n<p>Die Rechtm\u00e4\u00dfigkeit der bis zum Widerruf verarbeiteten Daten wird durch den Widerruf nicht ber\u00fchrt.<\/p>\n<p>&nbsp;<\/p>\n<h2>Betroffenenrechte<\/h2>\n<p>&nbsp;<\/p>\n<p>Sie haben zudem das Recht auf Auskunft, Berichtigung, L\u00f6schung und Einschr\u00e4nkung der Verarbeitung der personenbezogenen Daten.<\/p>\n<p>Soweit die Rechtsgrundlage der Verarbeitung Ihrer personenbezogenen Daten in Ihrer Einwilligung oder in einem mit Ihnen abgeschlossenen Vertrag besteht, haben Sie \u00fcberdies das Recht auf Daten\u00fcbertragbarkeit.<\/p>\n<p>Weiters haben Sie das Recht auf Beschwerde bei der Aufsichtsbeh\u00f6rde. N\u00e4here Informationen zu den Aufsichtsbeh\u00f6rden in der Europ\u00e4ischen Union finden Sie<span>\u00a0<\/span><a target=\"_blank\" href=\"https:\/\/ec.europa.eu\/justice\/article-29\/structure\/data-protection-authorities\/index_en.htm\" title=\"Datenschutzbeh\u00f6rden\" rel=\"noopener\">hier<\/a>.<\/p>\n<\/div>\n<\/div>\n<\/div>\n<\/div>\n<\/div>\n<\/div>\n<\/div>\n<\/div>\n<\/article>\n<\/div>\n<p>[\/et_pb_text][\/et_pb_column][\/et_pb_row][\/et_pb_section]<\/p>\n","protected":false},"excerpt":{"rendered":"<p>Datenschutzerkl\u00e4rung &nbsp; In dieser Datenschutzerkl\u00e4rung informieren wir Sie \u00fcber die Verarbeitung Ihrer personenbezogenen Daten. Sofern Sie Ihre Datenschutzeinstellungen \u00e4ndern m\u00f6chten (Einwilligungen erteilen oder bereits erteilte Einwilligungen widerrufen), klicken Sie\u00a0hier\u00a0um Ihre Einstellungen zu \u00e4ndern. Verantwortlich Ngoc An Ta, MiMi Lashes, Scharnhauser Str 36, 73760 Ostfildern, Deutschland,\u00a0lashes@kedak.de, Hosting All-inkl.com &nbsp; Wir hosten unsere Website bei unserem Auftragsverarbeiter\u00a0All-inkl.com, [&hellip;]<\/p>\n","protected":false},"author":1,"featured_media":0,"parent":0,"menu_order":0,"comment_status":"closed","ping_status":"closed","template":"","meta":{"_et_pb_use_builder":"on","_et_pb_old_content":"","_et_gb_content_width":"","_uag_custom_page_level_css":"","footnotes":""},"class_list":["post-5984","page","type-page","status-publish","hentry"],"yoast_head":"<!-- This site is optimized with the Yoast SEO plugin v27.6 - https:\/\/yoast.com\/product\/yoast-seo-wordpress\/ -->\n<title>Datenschutz - FaceArt Club Shop<\/title>\n<meta name=\"robots\" content=\"index, follow, max-snippet:-1, max-image-preview:large, max-video-preview:-1\" \/>\n<link rel=\"canonical\" href=\"https:\/\/faceart.club\/shop\/datenschutz\/\" \/>\n<meta property=\"og:locale\" content=\"de_DE\" \/>\n<meta property=\"og:type\" content=\"article\" \/>\n<meta property=\"og:title\" content=\"Datenschutz - FaceArt Club Shop\" \/>\n<meta property=\"og:description\" content=\"Datenschutzerkl\u00e4rung &nbsp; In dieser Datenschutzerkl\u00e4rung informieren wir Sie \u00fcber die Verarbeitung Ihrer personenbezogenen Daten. Sofern Sie Ihre Datenschutzeinstellungen \u00e4ndern m\u00f6chten (Einwilligungen erteilen oder bereits erteilte Einwilligungen widerrufen), klicken Sie\u00a0hier\u00a0um Ihre Einstellungen zu \u00e4ndern. Verantwortlich Ngoc An Ta, MiMi Lashes, Scharnhauser Str 36, 73760 Ostfildern, Deutschland,\u00a0lashes@kedak.de, Hosting All-inkl.com &nbsp; Wir hosten unsere Website bei unserem Auftragsverarbeiter\u00a0All-inkl.com, [&hellip;]\" \/>\n<meta property=\"og:url\" content=\"https:\/\/faceart.club\/shop\/datenschutz\/\" \/>\n<meta property=\"og:site_name\" content=\"FaceArt Club Shop\" \/>\n<meta property=\"article:publisher\" content=\"https:\/\/www.facebook.com\/faceart.club\/\" \/>\n<meta property=\"article:modified_time\" content=\"2023-12-12T17:00:26+00:00\" \/>\n<meta name=\"twitter:card\" content=\"summary_large_image\" \/>\n<meta name=\"twitter:site\" content=\"@faceart_club\" \/>\n<meta name=\"twitter:label1\" content=\"Gesch\u00e4tzte Lesezeit\" \/>\n\t<meta name=\"twitter:data1\" content=\"6\u00a0Minuten\" \/>\n<script type=\"application\/ld+json\" class=\"yoast-schema-graph\">{\"@context\":\"https:\\\/\\\/schema.org\",\"@graph\":[{\"@type\":\"WebPage\",\"@id\":\"https:\\\/\\\/faceart.club\\\/shop\\\/datenschutz\\\/\",\"url\":\"https:\\\/\\\/faceart.club\\\/shop\\\/datenschutz\\\/\",\"name\":\"Datenschutz - FaceArt Club Shop\",\"isPartOf\":{\"@id\":\"https:\\\/\\\/faceart.club\\\/shop\\\/#website\"},\"datePublished\":\"2023-12-12T16:59:14+00:00\",\"dateModified\":\"2023-12-12T17:00:26+00:00\",\"breadcrumb\":{\"@id\":\"https:\\\/\\\/faceart.club\\\/shop\\\/datenschutz\\\/#breadcrumb\"},\"inLanguage\":\"de\",\"potentialAction\":[{\"@type\":\"ReadAction\",\"target\":[\"https:\\\/\\\/faceart.club\\\/shop\\\/datenschutz\\\/\"]}]},{\"@type\":\"BreadcrumbList\",\"@id\":\"https:\\\/\\\/faceart.club\\\/shop\\\/datenschutz\\\/#breadcrumb\",\"itemListElement\":[{\"@type\":\"ListItem\",\"position\":1,\"name\":\"Home\",\"item\":\"https:\\\/\\\/faceart.club\\\/shop\\\/\"},{\"@type\":\"ListItem\",\"position\":2,\"name\":\"Datenschutz\"}]},{\"@type\":\"WebSite\",\"@id\":\"https:\\\/\\\/faceart.club\\\/shop\\\/#website\",\"url\":\"https:\\\/\\\/faceart.club\\\/shop\\\/\",\"name\":\"FaceArt Club Shop\",\"description\":\"Wimpern &amp; Augenbrauen Produkte\",\"publisher\":{\"@id\":\"https:\\\/\\\/faceart.club\\\/shop\\\/#organization\"},\"potentialAction\":[{\"@type\":\"SearchAction\",\"target\":{\"@type\":\"EntryPoint\",\"urlTemplate\":\"https:\\\/\\\/faceart.club\\\/shop\\\/?s={search_term_string}\"},\"query-input\":{\"@type\":\"PropertyValueSpecification\",\"valueRequired\":true,\"valueName\":\"search_term_string\"}}],\"inLanguage\":\"de\"},{\"@type\":\"Organization\",\"@id\":\"https:\\\/\\\/faceart.club\\\/shop\\\/#organization\",\"name\":\"FaceArt Club Shop\",\"url\":\"https:\\\/\\\/faceart.club\\\/shop\\\/\",\"logo\":{\"@type\":\"ImageObject\",\"inLanguage\":\"de\",\"@id\":\"https:\\\/\\\/faceart.club\\\/shop\\\/#\\\/schema\\\/logo\\\/image\\\/\",\"url\":\"https:\\\/\\\/faceart.club\\\/shop\\\/wp-content\\\/uploads\\\/2024\\\/04\\\/faceart_club_logo_blau_weiss_2800x2800-scaled.jpg\",\"contentUrl\":\"https:\\\/\\\/faceart.club\\\/shop\\\/wp-content\\\/uploads\\\/2024\\\/04\\\/faceart_club_logo_blau_weiss_2800x2800-scaled.jpg\",\"width\":2560,\"height\":2560,\"caption\":\"FaceArt Club Shop\"},\"image\":{\"@id\":\"https:\\\/\\\/faceart.club\\\/shop\\\/#\\\/schema\\\/logo\\\/image\\\/\"},\"sameAs\":[\"https:\\\/\\\/www.facebook.com\\\/faceart.club\\\/\",\"https:\\\/\\\/x.com\\\/faceart_club\",\"https:\\\/\\\/www.instagram.com\\\/faceart_club\"]}]}<\/script>\n<!-- \/ Yoast SEO plugin. -->","yoast_head_json":{"title":"Datenschutz - FaceArt Club Shop","robots":{"index":"index","follow":"follow","max-snippet":"max-snippet:-1","max-image-preview":"max-image-preview:large","max-video-preview":"max-video-preview:-1"},"canonical":"https:\/\/faceart.club\/shop\/datenschutz\/","og_locale":"de_DE","og_type":"article","og_title":"Datenschutz - FaceArt Club Shop","og_description":"Datenschutzerkl\u00e4rung &nbsp; In dieser Datenschutzerkl\u00e4rung informieren wir Sie \u00fcber die Verarbeitung Ihrer personenbezogenen Daten. Sofern Sie Ihre Datenschutzeinstellungen \u00e4ndern m\u00f6chten (Einwilligungen erteilen oder bereits erteilte Einwilligungen widerrufen), klicken Sie\u00a0hier\u00a0um Ihre Einstellungen zu \u00e4ndern. Verantwortlich Ngoc An Ta, MiMi Lashes, Scharnhauser Str 36, 73760 Ostfildern, Deutschland,\u00a0lashes@kedak.de, Hosting All-inkl.com &nbsp; Wir hosten unsere Website bei unserem Auftragsverarbeiter\u00a0All-inkl.com, [&hellip;]","og_url":"https:\/\/faceart.club\/shop\/datenschutz\/","og_site_name":"FaceArt Club Shop","article_publisher":"https:\/\/www.facebook.com\/faceart.club\/","article_modified_time":"2023-12-12T17:00:26+00:00","twitter_card":"summary_large_image","twitter_site":"@faceart_club","twitter_misc":{"Gesch\u00e4tzte Lesezeit":"6\u00a0Minuten"},"schema":{"@context":"https:\/\/schema.org","@graph":[{"@type":"WebPage","@id":"https:\/\/faceart.club\/shop\/datenschutz\/","url":"https:\/\/faceart.club\/shop\/datenschutz\/","name":"Datenschutz - FaceArt Club Shop","isPartOf":{"@id":"https:\/\/faceart.club\/shop\/#website"},"datePublished":"2023-12-12T16:59:14+00:00","dateModified":"2023-12-12T17:00:26+00:00","breadcrumb":{"@id":"https:\/\/faceart.club\/shop\/datenschutz\/#breadcrumb"},"inLanguage":"de","potentialAction":[{"@type":"ReadAction","target":["https:\/\/faceart.club\/shop\/datenschutz\/"]}]},{"@type":"BreadcrumbList","@id":"https:\/\/faceart.club\/shop\/datenschutz\/#breadcrumb","itemListElement":[{"@type":"ListItem","position":1,"name":"Home","item":"https:\/\/faceart.club\/shop\/"},{"@type":"ListItem","position":2,"name":"Datenschutz"}]},{"@type":"WebSite","@id":"https:\/\/faceart.club\/shop\/#website","url":"https:\/\/faceart.club\/shop\/","name":"FaceArt Club Shop","description":"Wimpern &amp; Augenbrauen Produkte","publisher":{"@id":"https:\/\/faceart.club\/shop\/#organization"},"potentialAction":[{"@type":"SearchAction","target":{"@type":"EntryPoint","urlTemplate":"https:\/\/faceart.club\/shop\/?s={search_term_string}"},"query-input":{"@type":"PropertyValueSpecification","valueRequired":true,"valueName":"search_term_string"}}],"inLanguage":"de"},{"@type":"Organization","@id":"https:\/\/faceart.club\/shop\/#organization","name":"FaceArt Club Shop","url":"https:\/\/faceart.club\/shop\/","logo":{"@type":"ImageObject","inLanguage":"de","@id":"https:\/\/faceart.club\/shop\/#\/schema\/logo\/image\/","url":"https:\/\/faceart.club\/shop\/wp-content\/uploads\/2024\/04\/faceart_club_logo_blau_weiss_2800x2800-scaled.jpg","contentUrl":"https:\/\/faceart.club\/shop\/wp-content\/uploads\/2024\/04\/faceart_club_logo_blau_weiss_2800x2800-scaled.jpg","width":2560,"height":2560,"caption":"FaceArt Club Shop"},"image":{"@id":"https:\/\/faceart.club\/shop\/#\/schema\/logo\/image\/"},"sameAs":["https:\/\/www.facebook.com\/faceart.club\/","https:\/\/x.com\/faceart_club","https:\/\/www.instagram.com\/faceart_club"]}]}},"uagb_featured_image_src":{"full":false,"thumbnail":false,"medium":false,"medium_large":false,"large":false,"1536x1536":false,"2048x2048":false,"et-pb-post-main-image":false,"et-pb-post-main-image-fullwidth":false,"et-pb-portfolio-image":false,"et-pb-portfolio-module-image":false,"et-pb-portfolio-image-single":false,"et-pb-gallery-module-image-portrait":false,"et-pb-post-main-image-fullwidth-large":false,"et-pb-image--responsive--desktop":false,"et-pb-image--responsive--tablet":false,"et-pb-image--responsive--phone":false,"woocommerce_thumbnail":false,"woocommerce_single":false,"woocommerce_gallery_thumbnail":false},"uagb_author_info":{"display_name":"FaceArt Club","author_link":"https:\/\/faceart.club\/shop\/author\/m-duongkedak-de\/"},"uagb_comment_info":0,"uagb_excerpt":"Datenschutzerkl\u00e4rung &nbsp; In dieser Datenschutzerkl\u00e4rung informieren wir Sie \u00fcber die Verarbeitung Ihrer personenbezogenen Daten. Sofern Sie Ihre Datenschutzeinstellungen \u00e4ndern m\u00f6chten (Einwilligungen erteilen oder bereits erteilte Einwilligungen widerrufen), klicken Sie\u00a0hier\u00a0um Ihre Einstellungen zu \u00e4ndern. Verantwortlich Ngoc An Ta, MiMi Lashes, Scharnhauser Str 36, 73760 Ostfildern, Deutschland,\u00a0lashes@kedak.de, Hosting All-inkl.com &nbsp; Wir hosten unsere Website bei unserem Auftragsverarbeiter\u00a0All-inkl.com,&hellip;","_links":{"self":[{"href":"https:\/\/faceart.club\/shop\/wp-json\/wp\/v2\/pages\/5984","targetHints":{"allow":["GET"]}}],"collection":[{"href":"https:\/\/faceart.club\/shop\/wp-json\/wp\/v2\/pages"}],"about":[{"href":"https:\/\/faceart.club\/shop\/wp-json\/wp\/v2\/types\/page"}],"author":[{"embeddable":true,"href":"https:\/\/faceart.club\/shop\/wp-json\/wp\/v2\/users\/1"}],"replies":[{"embeddable":true,"href":"https:\/\/faceart.club\/shop\/wp-json\/wp\/v2\/comments?post=5984"}],"version-history":[{"count":3,"href":"https:\/\/faceart.club\/shop\/wp-json\/wp\/v2\/pages\/5984\/revisions"}],"predecessor-version":[{"id":5987,"href":"https:\/\/faceart.club\/shop\/wp-json\/wp\/v2\/pages\/5984\/revisions\/5987"}],"wp:attachment":[{"href":"https:\/\/faceart.club\/shop\/wp-json\/wp\/v2\/media?parent=5984"}],"curies":[{"name":"wp","href":"https:\/\/api.w.org\/{rel}","templated":true}]}}