{"id":6327,"date":"2024-08-20T08:46:57","date_gmt":"2024-08-20T06:46:57","guid":{"rendered":"https:\/\/faceart.club\/shop\/?page_id=6327"},"modified":"2024-10-16T15:01:56","modified_gmt":"2024-10-16T13:01:56","slug":"versand-rueckgabe","status":"publish","type":"page","link":"https:\/\/faceart.club\/shop\/versand-rueckgabe\/","title":{"rendered":"Versand &#038; R\u00fcckgabe"},"content":{"rendered":"<p>[et_pb_section fb_built=&#8220;1&#8243; _builder_version=&#8220;4.27.0&#8243; _module_preset=&#8220;default&#8220; global_colors_info=&#8220;{}&#8220;][et_pb_row _builder_version=&#8220;4.27.0&#8243; _module_preset=&#8220;default&#8220; global_colors_info=&#8220;{}&#8220;][et_pb_column type=&#8220;4_4&#8243; _builder_version=&#8220;4.27.0&#8243; _module_preset=&#8220;default&#8220; global_colors_info=&#8220;{}&#8220;][et_pb_text _builder_version=&#8220;4.27.0&#8243; _module_preset=&#8220;default&#8220; hover_enabled=&#8220;0&#8243; global_colors_info=&#8220;{}&#8220; sticky_enabled=&#8220;0&#8243;]<\/p>\n<h2>1. Versand<\/h2>\n<h3>Versandkosten:<\/h3>\n<p>Um die Versandkosten genau zu berechnen, legen Sie den Artikel in den Warenkorb. Gehen Sie dan zum<span>\u00a0<\/span><strong>Bestellprozess<\/strong>. Nach dem Sie Ihre<span>\u00a0<\/span><strong>Lieferadresse<\/strong><span>\u00a0<\/span>eingegeben haben, werden die Versandkosten angezeigt.<\/p>\n<p>Die<span>\u00a0<\/span><strong>Versandkosten<\/strong><span>\u00a0<\/span>beinhalten Vorbereitung, Lade- und Verpackungsgeb\u00fchren sowie die Portokosten. Die Versandkosten werden beim Checkout angezeigt, nach dem die Lieferadresse eingegeben ist.<\/p>\n<h3>Lieferzeit:<\/h3>\n<p>Wir bem\u00fchen uns, Ihnen die Bestellung so schnell wie m\u00f6glich zuzustellen. Dies gelingt uns jedoch nicht immer. Wenn wir diese Lieferzeit aus irgendeinem Grund nicht einhalten k\u00f6nnen, werden wir Sie selbstverst\u00e4ndlich so schnell wie m\u00f6glich informieren.<\/p>\n<p><strong>Versandzeit:<\/strong><span>\u00a0<\/span>Wir ben\u00f6tigen diese Zeit, um Ihre Bestellung zu bearbeiten und an den Transportdienst zu \u00fcbermitteln:<span>\u00a0<\/span><strong>1-2 Werktagen <\/strong>nach Zahlungseingang.<\/p>\n<p><strong>Transportzeit:<\/strong><span>\u00a0<\/span>Dies wird durch den Transportdienst bestimmt, den der K\u00e4ufer f\u00fcr den Versand ausw\u00e4hlt. Normalerweise von<span>\u00a0<\/span><strong>2-5 Tagen<\/strong>. Der Transportdienst bestimmt, ob an Feiertagen und Wochenenden gearbeitet wird.<\/p>\n<p><strong>Lieferzeit:<\/strong><span>\u00a0<\/span>Die Zeit bis die Ware beim Kunden angekommen ist.<span>\u00a0<\/span><strong>Lieferzeit<\/strong><span>\u00a0<\/span>=<span>\u00a0<\/span><strong>Versandzeit<\/strong><span>\u00a0<\/span>+<span>\u00a0<\/span><strong>Transportzeit.<\/strong><span>\u00a0<\/span>(im Durchschnitt<span>\u00a0<\/span><strong>3-7 Tagen<\/strong>)<\/p>\n<p>Unsere\u00a0Spediteure sind DPD, GLS, UPS, Deutsche Post, HERMES, DHL. Wir werden Ihnen eine Sendungsverfolgungsnummer f\u00fcr die Bestellverfolgung bereitstellen sobald wir diese haben. Diese finden Sie in Ihrem Koto Bereich -&gt;\u00a0<span>\u00a0<\/span><strong>Verlauf und Details Ihrer Bestellungen<\/strong><\/p>\n<p>&nbsp;<\/p>\n<h3>Sendungsverfolgung:<\/h3>\n<p>Jede Bestellung hat eigene Sendungsverfolgungsnummer. Mit dieser Nummer kann jeder Sendung verfolgt werden. Folgende URLs k\u00f6nnen verwendet werden:<\/p>\n<ul>\n<li><strong>DHL<\/strong>:\u00a0<a href=\"https:\/\/www.dhl.de\/de\/privatkunden\/dhl-sendungsverfolgung.html\">Link zu DHL<\/a><\/li>\n<li><strong>GLS<\/strong>:\u00a0<a href=\"https:\/\/gls-group.eu\/DE\/de\/paketverfolgung\">Link zu GLS<\/a><\/li>\n<li><strong>UPS<\/strong>:\u00a0<a href=\"https:\/\/www.ups.com\/track?loc=de_DE&amp;requester=ST\/\">Link zu UPS<\/a><\/li>\n<\/ul>\n<p>&nbsp;<\/p>\n<h2>2. R\u00fcckgabe<\/h2>\n<p>F\u00fcr den Fall, dass Sie Verbraucher im Sinne des \u00a7 13 BGB sind, also den Kauf zu Zwecken t\u00e4tigen, die \u00fcberwiegend weder Ihrer gewerblichen noch Ihrer selbst\u00e4ndigen beruflichen T\u00e4tigkeit zugerechnet werden k\u00f6nnen, haben Sie ein Widerrufsrecht nach Ma\u00dfgabe der folgenden Bestimmungen.<\/p>\n<p><strong>Widerrufsrecht<\/strong><\/p>\n<p>Sie haben das Recht, binnen 14 Tagen ohne Angabe von Gr\u00fcnden diesen Vertrag zu widerrufen.<\/p>\n<p>Die Widerrufsfrist betr\u00e4gt vierzehn Tage ab dem Tag, an dem Sie oder ein von Ihnen benannter Dritter, der nicht der Bef\u00f6rderer ist, die Waren in Besitz genommen haben bzw. hat.<\/p>\n<p>FaceArt Club Kunden k\u00f6nnen eine Bestellung oder ein Produkt, das nicht ihren Erwartungen entspricht, f\u00fcr eine R\u00fcckerstattung zur\u00fccksenden.<\/p>\n<p>Zun\u00e4chst muss der Kunde die R\u00fccksendung an den Kedak-Kundendienst erkl\u00e4ren. Dieser Vorgang muss direkt online durchgef\u00fchrt werden: Indem Sie das\u00a0<a href=\"https:\/\/faceart.club\/kontakt-dynamic\/\">Kontaktformular<\/a><span>\u00a0<\/span>verwenden und uns die\u00a0Information von Bestellnummer, Produktnamen zukommen lassen. Die Verarbeitung wird auf diese Weise einfacher und damit schneller.<\/p>\n<p>Nachdem wir Ihr Produkt erhalten und begutachtet haben, erstatten wir Ihnen die Summe f\u00fcr die zur\u00fcckgesendete Produkte. F\u00fcr diese R\u00fcckzahlung verwenden wir dasselbe Zahlungsmittel, das Sie bei der urspr\u00fcnglichen Transaktion eingesetzt haben. Bitte beachten Sie, dass dies je nach Kreditinstitut zwischen<span>\u00a0<\/span><strong>5 &#8211; 10 Werktage<\/strong><span>\u00a0<\/span>in Anspruch nehmen kann.<\/p>\n<p>Die Waren m\u00fcssen in ihrer Original Verpackungen, ohne jegliche Spuren von Montage, Verschlei\u00df oder Gebrauch, mit allem Zubeh\u00f6r und allen Bedienungsanleitungen zur\u00fcckgeschickt werden.<\/p>\n<p>Die Waren sollten an folgende Adresse versendet werden:<\/p>\n<p><strong>MaxMar<\/strong><br \/>Scharnhauser Str 36,<br \/>73760 Ostfildern<\/p>\n<p>[\/et_pb_text][\/et_pb_column][\/et_pb_row][\/et_pb_section]<\/p>\n","protected":false},"excerpt":{"rendered":"<p>1. Versand Versandkosten: Um die Versandkosten genau zu berechnen, legen Sie den Artikel in den Warenkorb. Gehen Sie dan zum\u00a0Bestellprozess. Nach dem Sie Ihre\u00a0Lieferadresse\u00a0eingegeben haben, werden die Versandkosten angezeigt. Die\u00a0Versandkosten\u00a0beinhalten Vorbereitung, Lade- und Verpackungsgeb\u00fchren sowie die Portokosten. Die Versandkosten werden beim Checkout angezeigt, nach dem die Lieferadresse eingegeben ist. Lieferzeit: Wir bem\u00fchen uns, Ihnen die [&hellip;]<\/p>\n","protected":false},"author":1,"featured_media":0,"parent":0,"menu_order":0,"comment_status":"closed","ping_status":"closed","template":"","meta":{"_et_pb_use_builder":"on","_et_pb_old_content":"","_et_gb_content_width":"","_uag_custom_page_level_css":"","footnotes":""},"class_list":["post-6327","page","type-page","status-publish","hentry"],"yoast_head":"<!-- This site is optimized with the Yoast SEO plugin v27.5 - https:\/\/yoast.com\/product\/yoast-seo-wordpress\/ -->\n<title>Versand &amp; R\u00fcckgabe - FaceArt Club Shop<\/title>\n<meta name=\"robots\" content=\"index, follow, max-snippet:-1, max-image-preview:large, max-video-preview:-1\" \/>\n<link rel=\"canonical\" href=\"https:\/\/faceart.club\/shop\/versand-rueckgabe\/\" \/>\n<meta property=\"og:locale\" content=\"de_DE\" \/>\n<meta property=\"og:type\" content=\"article\" \/>\n<meta property=\"og:title\" content=\"Versand &amp; R\u00fcckgabe - FaceArt Club Shop\" \/>\n<meta property=\"og:description\" content=\"1. Versand Versandkosten: Um die Versandkosten genau zu berechnen, legen Sie den Artikel in den Warenkorb. Gehen Sie dan zum\u00a0Bestellprozess. Nach dem Sie Ihre\u00a0Lieferadresse\u00a0eingegeben haben, werden die Versandkosten angezeigt. Die\u00a0Versandkosten\u00a0beinhalten Vorbereitung, Lade- und Verpackungsgeb\u00fchren sowie die Portokosten. Die Versandkosten werden beim Checkout angezeigt, nach dem die Lieferadresse eingegeben ist. Lieferzeit: Wir bem\u00fchen uns, Ihnen die [&hellip;]\" \/>\n<meta property=\"og:url\" content=\"https:\/\/faceart.club\/shop\/versand-rueckgabe\/\" \/>\n<meta property=\"og:site_name\" content=\"FaceArt Club Shop\" \/>\n<meta property=\"article:publisher\" content=\"https:\/\/www.facebook.com\/faceart.club\/\" \/>\n<meta property=\"article:modified_time\" content=\"2024-10-16T13:01:56+00:00\" \/>\n<meta name=\"twitter:card\" content=\"summary_large_image\" \/>\n<meta name=\"twitter:site\" content=\"@faceart_club\" \/>\n<script type=\"application\/ld+json\" class=\"yoast-schema-graph\">{\"@context\":\"https:\\\/\\\/schema.org\",\"@graph\":[{\"@type\":\"WebPage\",\"@id\":\"https:\\\/\\\/faceart.club\\\/shop\\\/versand-rueckgabe\\\/\",\"url\":\"https:\\\/\\\/faceart.club\\\/shop\\\/versand-rueckgabe\\\/\",\"name\":\"Versand & R\u00fcckgabe - FaceArt Club Shop\",\"isPartOf\":{\"@id\":\"https:\\\/\\\/faceart.club\\\/shop\\\/#website\"},\"datePublished\":\"2024-08-20T06:46:57+00:00\",\"dateModified\":\"2024-10-16T13:01:56+00:00\",\"breadcrumb\":{\"@id\":\"https:\\\/\\\/faceart.club\\\/shop\\\/versand-rueckgabe\\\/#breadcrumb\"},\"inLanguage\":\"de\",\"potentialAction\":[{\"@type\":\"ReadAction\",\"target\":[\"https:\\\/\\\/faceart.club\\\/shop\\\/versand-rueckgabe\\\/\"]}]},{\"@type\":\"BreadcrumbList\",\"@id\":\"https:\\\/\\\/faceart.club\\\/shop\\\/versand-rueckgabe\\\/#breadcrumb\",\"itemListElement\":[{\"@type\":\"ListItem\",\"position\":1,\"name\":\"Home\",\"item\":\"https:\\\/\\\/faceart.club\\\/shop\\\/\"},{\"@type\":\"ListItem\",\"position\":2,\"name\":\"Versand &#038; R\u00fcckgabe\"}]},{\"@type\":\"WebSite\",\"@id\":\"https:\\\/\\\/faceart.club\\\/shop\\\/#website\",\"url\":\"https:\\\/\\\/faceart.club\\\/shop\\\/\",\"name\":\"FaceArt Club Shop\",\"description\":\"Wimpern &amp; Augenbrauen Produkte\",\"publisher\":{\"@id\":\"https:\\\/\\\/faceart.club\\\/shop\\\/#organization\"},\"potentialAction\":[{\"@type\":\"SearchAction\",\"target\":{\"@type\":\"EntryPoint\",\"urlTemplate\":\"https:\\\/\\\/faceart.club\\\/shop\\\/?s={search_term_string}\"},\"query-input\":{\"@type\":\"PropertyValueSpecification\",\"valueRequired\":true,\"valueName\":\"search_term_string\"}}],\"inLanguage\":\"de\"},{\"@type\":\"Organization\",\"@id\":\"https:\\\/\\\/faceart.club\\\/shop\\\/#organization\",\"name\":\"FaceArt Club Shop\",\"url\":\"https:\\\/\\\/faceart.club\\\/shop\\\/\",\"logo\":{\"@type\":\"ImageObject\",\"inLanguage\":\"de\",\"@id\":\"https:\\\/\\\/faceart.club\\\/shop\\\/#\\\/schema\\\/logo\\\/image\\\/\",\"url\":\"https:\\\/\\\/faceart.club\\\/shop\\\/wp-content\\\/uploads\\\/2024\\\/04\\\/faceart_club_logo_blau_weiss_2800x2800-scaled.jpg\",\"contentUrl\":\"https:\\\/\\\/faceart.club\\\/shop\\\/wp-content\\\/uploads\\\/2024\\\/04\\\/faceart_club_logo_blau_weiss_2800x2800-scaled.jpg\",\"width\":2560,\"height\":2560,\"caption\":\"FaceArt Club Shop\"},\"image\":{\"@id\":\"https:\\\/\\\/faceart.club\\\/shop\\\/#\\\/schema\\\/logo\\\/image\\\/\"},\"sameAs\":[\"https:\\\/\\\/www.facebook.com\\\/faceart.club\\\/\",\"https:\\\/\\\/x.com\\\/faceart_club\",\"https:\\\/\\\/www.instagram.com\\\/faceart_club\"]}]}<\/script>\n<!-- \/ Yoast SEO plugin. -->","yoast_head_json":{"title":"Versand & R\u00fcckgabe - FaceArt Club Shop","robots":{"index":"index","follow":"follow","max-snippet":"max-snippet:-1","max-image-preview":"max-image-preview:large","max-video-preview":"max-video-preview:-1"},"canonical":"https:\/\/faceart.club\/shop\/versand-rueckgabe\/","og_locale":"de_DE","og_type":"article","og_title":"Versand & R\u00fcckgabe - FaceArt Club Shop","og_description":"1. Versand Versandkosten: Um die Versandkosten genau zu berechnen, legen Sie den Artikel in den Warenkorb. Gehen Sie dan zum\u00a0Bestellprozess. Nach dem Sie Ihre\u00a0Lieferadresse\u00a0eingegeben haben, werden die Versandkosten angezeigt. Die\u00a0Versandkosten\u00a0beinhalten Vorbereitung, Lade- und Verpackungsgeb\u00fchren sowie die Portokosten. Die Versandkosten werden beim Checkout angezeigt, nach dem die Lieferadresse eingegeben ist. Lieferzeit: Wir bem\u00fchen uns, Ihnen die [&hellip;]","og_url":"https:\/\/faceart.club\/shop\/versand-rueckgabe\/","og_site_name":"FaceArt Club Shop","article_publisher":"https:\/\/www.facebook.com\/faceart.club\/","article_modified_time":"2024-10-16T13:01:56+00:00","twitter_card":"summary_large_image","twitter_site":"@faceart_club","schema":{"@context":"https:\/\/schema.org","@graph":[{"@type":"WebPage","@id":"https:\/\/faceart.club\/shop\/versand-rueckgabe\/","url":"https:\/\/faceart.club\/shop\/versand-rueckgabe\/","name":"Versand & R\u00fcckgabe - FaceArt Club Shop","isPartOf":{"@id":"https:\/\/faceart.club\/shop\/#website"},"datePublished":"2024-08-20T06:46:57+00:00","dateModified":"2024-10-16T13:01:56+00:00","breadcrumb":{"@id":"https:\/\/faceart.club\/shop\/versand-rueckgabe\/#breadcrumb"},"inLanguage":"de","potentialAction":[{"@type":"ReadAction","target":["https:\/\/faceart.club\/shop\/versand-rueckgabe\/"]}]},{"@type":"BreadcrumbList","@id":"https:\/\/faceart.club\/shop\/versand-rueckgabe\/#breadcrumb","itemListElement":[{"@type":"ListItem","position":1,"name":"Home","item":"https:\/\/faceart.club\/shop\/"},{"@type":"ListItem","position":2,"name":"Versand &#038; R\u00fcckgabe"}]},{"@type":"WebSite","@id":"https:\/\/faceart.club\/shop\/#website","url":"https:\/\/faceart.club\/shop\/","name":"FaceArt Club Shop","description":"Wimpern &amp; Augenbrauen Produkte","publisher":{"@id":"https:\/\/faceart.club\/shop\/#organization"},"potentialAction":[{"@type":"SearchAction","target":{"@type":"EntryPoint","urlTemplate":"https:\/\/faceart.club\/shop\/?s={search_term_string}"},"query-input":{"@type":"PropertyValueSpecification","valueRequired":true,"valueName":"search_term_string"}}],"inLanguage":"de"},{"@type":"Organization","@id":"https:\/\/faceart.club\/shop\/#organization","name":"FaceArt Club Shop","url":"https:\/\/faceart.club\/shop\/","logo":{"@type":"ImageObject","inLanguage":"de","@id":"https:\/\/faceart.club\/shop\/#\/schema\/logo\/image\/","url":"https:\/\/faceart.club\/shop\/wp-content\/uploads\/2024\/04\/faceart_club_logo_blau_weiss_2800x2800-scaled.jpg","contentUrl":"https:\/\/faceart.club\/shop\/wp-content\/uploads\/2024\/04\/faceart_club_logo_blau_weiss_2800x2800-scaled.jpg","width":2560,"height":2560,"caption":"FaceArt Club Shop"},"image":{"@id":"https:\/\/faceart.club\/shop\/#\/schema\/logo\/image\/"},"sameAs":["https:\/\/www.facebook.com\/faceart.club\/","https:\/\/x.com\/faceart_club","https:\/\/www.instagram.com\/faceart_club"]}]}},"uagb_featured_image_src":{"full":false,"thumbnail":false,"medium":false,"medium_large":false,"large":false,"1536x1536":false,"2048x2048":false,"et-pb-post-main-image":false,"et-pb-post-main-image-fullwidth":false,"et-pb-portfolio-image":false,"et-pb-portfolio-module-image":false,"et-pb-portfolio-image-single":false,"et-pb-gallery-module-image-portrait":false,"et-pb-post-main-image-fullwidth-large":false,"et-pb-image--responsive--desktop":false,"et-pb-image--responsive--tablet":false,"et-pb-image--responsive--phone":false,"woocommerce_thumbnail":false,"woocommerce_single":false,"woocommerce_gallery_thumbnail":false},"uagb_author_info":{"display_name":"FaceArt Club","author_link":"https:\/\/faceart.club\/shop\/author\/m-duongkedak-de\/"},"uagb_comment_info":0,"uagb_excerpt":"1. Versand Versandkosten: Um die Versandkosten genau zu berechnen, legen Sie den Artikel in den Warenkorb. Gehen Sie dan zum\u00a0Bestellprozess. Nach dem Sie Ihre\u00a0Lieferadresse\u00a0eingegeben haben, werden die Versandkosten angezeigt. Die\u00a0Versandkosten\u00a0beinhalten Vorbereitung, Lade- und Verpackungsgeb\u00fchren sowie die Portokosten. Die Versandkosten werden beim Checkout angezeigt, nach dem die Lieferadresse eingegeben ist. Lieferzeit: Wir bem\u00fchen uns, Ihnen die&hellip;","_links":{"self":[{"href":"https:\/\/faceart.club\/shop\/wp-json\/wp\/v2\/pages\/6327","targetHints":{"allow":["GET"]}}],"collection":[{"href":"https:\/\/faceart.club\/shop\/wp-json\/wp\/v2\/pages"}],"about":[{"href":"https:\/\/faceart.club\/shop\/wp-json\/wp\/v2\/types\/page"}],"author":[{"embeddable":true,"href":"https:\/\/faceart.club\/shop\/wp-json\/wp\/v2\/users\/1"}],"replies":[{"embeddable":true,"href":"https:\/\/faceart.club\/shop\/wp-json\/wp\/v2\/comments?post=6327"}],"version-history":[{"count":4,"href":"https:\/\/faceart.club\/shop\/wp-json\/wp\/v2\/pages\/6327\/revisions"}],"predecessor-version":[{"id":6494,"href":"https:\/\/faceart.club\/shop\/wp-json\/wp\/v2\/pages\/6327\/revisions\/6494"}],"wp:attachment":[{"href":"https:\/\/faceart.club\/shop\/wp-json\/wp\/v2\/media?parent=6327"}],"curies":[{"name":"wp","href":"https:\/\/api.w.org\/{rel}","templated":true}]}}