{"id":1635,"date":"2018-05-15T00:13:03","date_gmt":"2018-05-14T22:13:03","guid":{"rendered":"https:\/\/mimi-lashes.de\/?post_type=product&#038;p=1635"},"modified":"2024-07-06T10:00:26","modified_gmt":"2024-07-06T08:00:26","slug":"wimpernverlaengerung-serum-augenbrauenserum-niclay","status":"publish","type":"product","link":"https:\/\/faceart.club\/shop\/produkt\/wimpernverlaengerung-serum-augenbrauenserum-niclay\/","title":{"rendered":"Wimpernverl\u00e4ngerung serum &#038; Augenbrauenserum Niclay 3,5ml"},"content":{"rendered":"<p>[et_pb_section fb_built=&#8220;1&#8243; _builder_version=&#8220;4.16&#8243; custom_padding=&#8220;0px||||false|false&#8220; global_colors_info=&#8220;{}&#8220; theme_builder_area=&#8220;post_content&#8220;][et_pb_row _builder_version=&#8220;4.16&#8243; background_size=&#8220;initial&#8220; background_position=&#8220;top_left&#8220; background_repeat=&#8220;repeat&#8220; width=&#8220;100%&#8220; global_colors_info=&#8220;{}&#8220; theme_builder_area=&#8220;post_content&#8220;][et_pb_column type=&#8220;4_4&#8243; _builder_version=&#8220;4.16&#8243; custom_padding=&#8220;|||&#8220; global_colors_info=&#8220;{}&#8220; custom_padding__hover=&#8220;|||&#8220; theme_builder_area=&#8220;post_content&#8220;][et_pb_wc_tabs _builder_version=&#8220;4.16&#8243; global_colors_info=&#8220;{}&#8220; theme_builder_area=&#8220;post_content&#8220;]\t\t\t\t\t[\/et_pb_wc_tabs][et_pb_wc_upsells _builder_version=&#8220;4.16&#8243; global_colors_info=&#8220;{}&#8220; theme_builder_area=&#8220;post_content&#8220;][\/et_pb_wc_upsells][et_pb_wc_related_products _builder_version=&#8220;4.16&#8243; global_colors_info=&#8220;{}&#8220; theme_builder_area=&#8220;post_content&#8220;][\/et_pb_wc_related_products][\/et_pb_column][\/et_pb_row][\/et_pb_section]<\/p>\n","protected":false},"excerpt":{"rendered":"<p><span style=\"color: #28c377;\">Sofort lieferbar! Lieferzeit 2-5 Tage.<\/span><\/p>\n<p><strong>Serum f\u00fcr lange &amp; volle Wimpern und Augenbrauen<\/strong><\/p>\n<p>&nbsp;<\/p>\n<div><span class=\"et-pb-icon et-waypoint et-animated et_pb_animation_top\" style=\"font-size: 1.6rem; color: #cbf378;\">N<\/span>F\u00fcr <strong>dichtere &amp; volumin\u00f6se<\/strong> Wimpern &amp; Augenbrauen<br \/>\n<span class=\"et-pb-icon et-waypoint et-animated et_pb_animation_top\" style=\"font-size: 1.6rem; color: #cbf378;\">N<\/span>Steigert <strong>Volumen &amp; Dicke<\/strong> der H\u00e4rchen<br \/>\n<span class=\"et-pb-icon et-waypoint et-animated et_pb_animation_top\" style=\"font-size: 1.6rem; color: #cbf378;\">N<\/span>Es ist pflanzlich, vegan und v\u00f6llig frei von Hormonen<\/div>\n<p>&nbsp;<\/p>\n<p><strong>Inhalt:<\/strong> 3,5 ml (\u20ac 11,4 \/ 1ml)<br \/>\n<strong>Kategorie:<\/strong> Serum<br \/>\n<strong>Typ:<\/strong> Wimpern &amp; Augenbrauen<\/p>\n<p>&nbsp;<\/p>\n","protected":false},"featured_media":2209,"comment_status":"open","ping_status":"closed","template":"","meta":{"_et_pb_use_builder":"on","_et_pb_old_content":"<strong>Die Geheimwaffe \u2013 das NICLAY Wimpern- &amp; Augenbrauenserum<\/strong>\r\n\r\nLange und dichte Wimpern sind zweifelsohne der Wunsch jeder Frau, und gerade f\u00fcr die <strong>Wimpernverl\u00e4ngerung<\/strong> sehr wichtig.\r\n\r\nDenn auch nur gesunde und sch\u00f6ne Naturwimpern, f\u00fchren zum gew\u00fcnschten Ergebnis bei der Applikation der Extensions. Um die Wimpern bestm\u00f6glich zu pflegen, st\u00e4rken und noch zu versch\u00f6nern, bieten wir jetzt das ideale Produkt.\r\n\r\nBei t\u00e4glicher Anwendung des <strong>NICLAY<\/strong> Wimpern und Augenbrauenserum aktivieren die pflanzlichen Extrakte wie Panthenol (B5) und Myristoyl das Wachstum und steigern die Dichte und L\u00e4nge ihrer <strong>Wimpern<\/strong> und <strong>Augenbrauen<\/strong>. Nat\u00fcrliche Befeuchtungssubstanzen wie Kollagen pflegen die Wimpern nachhaltig.\r\n\r\n<strong>Das Ergebnis<\/strong>\r\n\r\n<strong>NICLAY Wimpernserum<\/strong> garantiert einen verf\u00fchrerischen Blick.\r\n\r\n<strong>Anwendung<\/strong>\r\n\r\n<strong>NICLAY<\/strong> Wimpern- und Augenbrauenserum einmal t\u00e4glich wie einen Eyeliner auf die Haarbasis der oberen und unteren Wimpern und die Augenbrauen auftragen. Die Menge die haften bleibt, wenn Sie den Pinsel aus dem Beh\u00e4lter ziehen ist ausreichend f\u00fcr eine Auge oder eine Augenbraue. Lassen Sie das Serum vollst\u00e4ndig trocken. Nicht in den Augen reiben, bis das Serum v\u00f6llig absorbiert ist.\r\n\r\nDas <strong>NICLAY Wimpernserum<\/strong> sollte am oberen und unteren Wimpernkranz, im Rahmen einer zwei bis dreimonatigen Kur, durch eine feine Linie mit dem Pinsel aufgetragen werden.\r\n\r\nDie schnellsten Erfolge erzielt die Anwendung wenn sie \u00fcber Nacht erfolgt, damit alle Inhaltsstoffe sich optimal entfalten k\u00f6nnen.\r\n\r\n<strong>Besonderes Merkmal<\/strong>\r\n\r\nDie Besonderheit dieses Produktes liegt darin, dass es pflanzlich, vegan und v\u00f6llig frei von Hormonen ist, dieses ist geeignet f\u00fcr die <strong>Wimpernverl\u00e4ngerung<\/strong>.\r\n\r\n<strong>Ingriedents<\/strong>\r\n\r\n<em>Aqua, Glycerin, Alcohol denat, Panthenol, Myristoyl, Pentapeptide -17, Soluble Collagen, Ostrea Shell Extract, Hydrolyzed Keratin, Arginine, Allantoin, Biotin, Carbomer, Butylene Glycol, Phenoxyethanol.<\/em>\r\n\r\n<strong>Weitere Infos:<\/strong>\r\n\r\n<iframe src=\"https:\/\/www.youtube.com\/embed\/TpctkI01LIg\" width=\"560\" height=\"315\" frameborder=\"0\" allowfullscreen=\"allowfullscreen\"><\/iframe>\r\n<p style=\"text-align: center\"><em>Wie sollten die Wimpern gepflegt werden<\/em><\/p>\r\n&nbsp;\r\n<p style=\"text-align: center\"><em>Wimpern &amp; Augenbrauenserum Niclay<\/em><\/p>\r\n\r\n<div>WIMPERNSERUM G\u00dcNSTIG ONLINE KAUFEN BEI MIMI LASHES. AUGENBRAUENSERUM.\r\nAlle von ihnen waren SUPER zufrieden mit dem LONG-LASHES-Produkt von Dr. Massing. Deshalb wusste ich, dass mein Geld, in diesem Fall 49,90\u20ac, nicht umsonst investiert werden w\u00fcrde.\r\nGerne k\u00f6nnt ihr mir einen Kommentar unter dem Artikel.\r\nDie Haare fallen also nicht aus und werden durch das nat\u00fcrliche Wachstum l\u00e4nger.\r\nVerr\u00fcckt oder? Je l\u00e4nger eure Wimpern vor der Anwendung des Wimpernserums sind, desto l\u00e4nger ist nat\u00fcrlich auch das Ergebnis. Ihr werdet aber auf jeden Fall l\u00e4ngere Wimpern haben als vorher.\r\nWenn man es aber komplett absetzt, fehlen den Wimpern die pflegende Vitamine des Serums, weshalb die H\u00e4rchen langsam wieder in ihre Ursprungsl\u00e4nge zur\u00fcckgehen, da sie wieder h\u00e4ufiger brechen und nicht so viel Sprungkraft haben wie mit dem Serum. Aber keine Sorge, auf keinen Fall werden eure Lashes k\u00fcrzer als die Ursprungsl\u00e4nge, die ihr vor dem Long-Lashes-Produkt hattet.\r\nDieser Wirkstoff wurde soweit verd\u00fcnnt, dass es in Deutschland als Kosmetikum, nicht Arzneimittel verkauft werden darf. Au\u00dferdem wurden pflegende Substanzen, wie zum Beispiel Peptide, zugef\u00fcgt\r\n<img class=\"alignnone size-medium wp-image-1638\" src=\"https:\/\/faceart.club\/wp-content\/uploads\/2018\/05\/Wimpernserum-Augenbrauenserum-Niclay-Schachtel-211x300.jpg\" alt=\"Wimpernserum g\u00fcnstig online kaufen Augenbrauenserum Niclay 1\" width=\"211\" height=\"300\" \/>\r\nInfo zur Wirkweise\r\nIch hatte zwar nicht die k\u00fcrzesten Wimpern, aber meine Wimpern sind jetzt so lang, dass sie getuscht sogar meine Augenbrauen ber\u00fchren.\r\nZuf\u00e4llig bin ich dann \u00fcber Freunde auf das Wundermittel LONG LASHES von Dr. Massing gesto\u00dfen, das weniger als die H\u00e4lfte kostete, aber die gleiche Wirkung hat.\r\nDer Wirkstoff in den Highend-Wimpernseren kommt aus der Augenheilkunde, eine Nebenwirkung waren l\u00e4ngere Wimpern.\r\nDie ersten 2 Monate habe ich das Serum regelm\u00e4\u00dfig (jeden Abend) benutzt und habe die Anwendung nur hin und wieder vergessen. Das hat den Wimpern nichts ausgemacht. Wenn man sein Ziel an Wimpernl\u00e4nge erreicht hat, kann man das Serum deshalb durchaus nur jeden zweiten bis dritten Tag benutzen.\r\nDie teureren bieten neben mehr L\u00e4nge\/Diche die zwei zus\u00e4tzlichen Effekte (=dunkeln die Wimpernh\u00e4rchen nach und den Curleffekt). Catrice und dem Balea Wimpernserum fehlen diese zwei Effekte, aber sie sind in der sonstigen Wirkung fast ebenb\u00fcrtig, wobei ich Balea als einen Tick st\u00e4rker als Catrice einsch\u00e4tze. Bediamond hat mich pers\u00f6nlich nicht \u00fcberzeugt.\r\n<img class=\"alignnone size-medium wp-image-1639\" src=\"https:\/\/faceart.club\/wp-content\/uploads\/2018\/05\/Wimpernserum-Augenbrauenserum-Niclay-tube-211x300.jpg\" alt=\"Wimpernserum g\u00fcnstig online kaufen Augenbrauenserum Niclay 2\" width=\"211\" height=\"300\" \/>\r\nDie Wimpernseren nehmen sich im jeweiligen Preissegment in der Qualit\u00e4t nicht viel:\r\n3. Revitalash, 4. Reallash, 5. Balea Wimpernserum, 6. Catrice Wimpernserum, 7. Bediamond, 2. M2 Beaut\u00e9 Eyelash activating Serum (Mein Eindruck: Der nachdunkel-Effekt, sowie die Schnelligkeit der Wirkung empfand ich bei M2 Beaut\u00e9 Seren als st\u00e4rker als bei Revitalash) Achtung: Die beiden M2 Beaut\u00e9 Produkte nicht mit dem M2 Beaut\u00e9 \u201eEyezone Conditoning Care Complex\u201c verwechseln- das ist eine reine Pflege- auch ersichtlich am g\u00fcnstigeren Preis!\r\n1. M2 Beaut\u00e9 Augenbrauenserum (\u201eEyebrow Renewing Serum\u201c). F\u00fcr die Augenbrauen gedacht, funktionert aber nat\u00fcrlich genauso an den Wimpern. Meine Vermutung: Da es f\u00fcr die dickere Haut an den Augenbrauen konzipiert wurde, wurde der Wirkstoff h\u00f6her eingesetzt.\r\nSelbst wenn ich ohne Wimperntusche zur Uni oder Arbeit gegangen bin und stattdessen nur die Wimpernzange verwendet habe, wurden mir Komplimente f\u00fcr meine Wimpern gemacht. Ein richtig tolles Gef\u00fchl!\r\nIch habe schon einige Wimpernseren f\u00fcr Euch getestet, hier meine Bestenliste nur nach Wirkung, das Preis-Leistungsverh\u00e4ltnis wird nicht ber\u00fccksichtigt! Aufgrund der zwei Zusatzeffekte, die nur die Highend-Seren bieten, sind diese Seren auf den ersten Pl\u00e4tzen.\r\nDer minimale Unterschied in der Wirkung beider Seren bez\u00fcglich L\u00e4nge\/Dichte der Wimpern und auch bei den Augenbrauen rechtfertigt meiner Meinung nach nicht, ein um 17-22x teureres Produkt zu kaufen, zumindest f\u00fcr mich.\r\nMeine ersten Ergebnisse. Schon nach zwei bis drei Wochen habe ich gesp\u00fcrt, wie meine Wimpern viel elastischer waren und nicht mehr so schnell abbrachen. Wirklich l\u00e4nger sind sie nach so kurzer Zeit nur vereinzelt gewesen. Einen richtigen Unterschied mit WOW-Effekt merkt man dann nach 4-5 Wochen.\r\nDer Unterschied ist, dass meine linken Revitalash-Wimpern einen Tick l\u00e4nger als die rechten Balea-Wimpern sind\r\nWas bei ihr passiert ist? Das Serum wird vor dem Schlafengehen am Ansatz des Wimpernkranzes, etwas wie ein Eyeliner, aufgetragen. Am n\u00e4chsten Morgen hat das Serum genau da, wo die Linie gezogen wurde, Hautr\u00f6tungen hinterlassen. Vor Kurzem hat sie mir aber erz\u00e4hlt, dass Dr. Massing jetzt wohl eine Serum entwickelt hat, das f\u00fcr etwas empfindlichere Augen (HIER) geeignet ist und dass sie es jetzt nochmal probieren will.\r\nWie man auf den folgenden Bildern sieht, haben beide Wimpernseren ihre Versprechungen erf\u00fcllt.\r\nund denke danke f\u00fcr kleine provision m\u00f6glichen nebenwirkungen ich finde stelle ich. wer wei\u00df wachsen lassen revitabrow augenbrauenserum sorgt f\u00fcr rapid brow brow enhancing serum black sea rod oil allergische reaktionen vollerer augenbrauen hoher preis dermatologisch getestete. Nat\u00fcrliche wimper wimpernserum f\u00fcr revitalash advanced wachstum der wimpern<\/div>","_et_gb_content_width":"","_uag_custom_page_level_css":""},"product_brand":[],"product_cat":[29],"product_tag":[],"class_list":{"0":"post-1635","1":"product","2":"type-product","3":"status-publish","4":"has-post-thumbnail","6":"product_cat-wimpernserum","8":"first","9":"instock","10":"sale","11":"taxable","12":"shipping-taxable","13":"purchasable","14":"product-type-simple"},"yoast_head":"<!-- This site is optimized with the Yoast SEO plugin v27.4 - https:\/\/yoast.com\/product\/yoast-seo-wordpress\/ -->\n<title>Wimpernverl\u00e4ngerung serum &amp; Augenbrauenserum Niclay 3,5ml - FaceArt Club Shop<\/title>\n<meta name=\"robots\" content=\"index, follow, max-snippet:-1, max-image-preview:large, max-video-preview:-1\" \/>\n<link rel=\"canonical\" href=\"https:\/\/faceart.club\/shop\/produkt\/wimpernverlaengerung-serum-augenbrauenserum-niclay\/\" \/>\n<meta property=\"og:locale\" content=\"de_DE\" \/>\n<meta property=\"og:type\" content=\"article\" \/>\n<meta property=\"og:title\" content=\"Wimpernverl\u00e4ngerung serum &amp; Augenbrauenserum Niclay 3,5ml - FaceArt Club Shop\" \/>\n<meta property=\"og:description\" content=\"Sofort lieferbar! Lieferzeit 2-5 Tage.  Serum f\u00fcr lange &amp; volle Wimpern und Augenbrauen  &nbsp; NF\u00fcr dichtere &amp; volumin\u00f6se Wimpern &amp; Augenbrauen NSteigert Volumen &amp; Dicke der H\u00e4rchen NEs ist pflanzlich, vegan und v\u00f6llig frei von Hormonen &nbsp;  Inhalt: 3,5 ml (\u20ac 11,4 \/ 1ml) Kategorie: Serum Typ: Wimpern &amp; Augenbrauen  &nbsp;\" \/>\n<meta property=\"og:url\" content=\"https:\/\/faceart.club\/shop\/produkt\/wimpernverlaengerung-serum-augenbrauenserum-niclay\/\" \/>\n<meta property=\"og:site_name\" content=\"FaceArt Club Shop\" \/>\n<meta property=\"article:publisher\" content=\"https:\/\/www.facebook.com\/faceart.club\/\" \/>\n<meta property=\"article:modified_time\" content=\"2024-07-06T08:00:26+00:00\" \/>\n<meta property=\"og:image\" content=\"https:\/\/faceart.club\/shop\/wp-content\/uploads\/2018\/05\/Niclay-WIMPERN-AUGENBRAUENSERUM-1-min.jpg\" \/>\n\t<meta property=\"og:image:width\" content=\"3595\" \/>\n\t<meta property=\"og:image:height\" content=\"3596\" \/>\n\t<meta property=\"og:image:type\" content=\"image\/jpeg\" \/>\n<meta name=\"twitter:card\" content=\"summary_large_image\" \/>\n<meta name=\"twitter:site\" content=\"@faceart_club\" \/>\n<meta name=\"twitter:label1\" content=\"Gesch\u00e4tzte Lesezeit\" \/>\n\t<meta name=\"twitter:data1\" content=\"1\u00a0Minute\" \/>\n<script type=\"application\/ld+json\" class=\"yoast-schema-graph\">{\"@context\":\"https:\\\/\\\/schema.org\",\"@graph\":[{\"@type\":\"WebPage\",\"@id\":\"https:\\\/\\\/faceart.club\\\/shop\\\/produkt\\\/wimpernverlaengerung-serum-augenbrauenserum-niclay\\\/\",\"url\":\"https:\\\/\\\/faceart.club\\\/shop\\\/produkt\\\/wimpernverlaengerung-serum-augenbrauenserum-niclay\\\/\",\"name\":\"Wimpernverl\u00e4ngerung serum & Augenbrauenserum Niclay 3,5ml - FaceArt Club Shop\",\"isPartOf\":{\"@id\":\"https:\\\/\\\/faceart.club\\\/shop\\\/#website\"},\"primaryImageOfPage\":{\"@id\":\"https:\\\/\\\/faceart.club\\\/shop\\\/produkt\\\/wimpernverlaengerung-serum-augenbrauenserum-niclay\\\/#primaryimage\"},\"image\":{\"@id\":\"https:\\\/\\\/faceart.club\\\/shop\\\/produkt\\\/wimpernverlaengerung-serum-augenbrauenserum-niclay\\\/#primaryimage\"},\"thumbnailUrl\":\"https:\\\/\\\/faceart.club\\\/shop\\\/wp-content\\\/uploads\\\/2018\\\/05\\\/Niclay-WIMPERN-AUGENBRAUENSERUM-1-min.jpg\",\"datePublished\":\"2018-05-14T22:13:03+00:00\",\"dateModified\":\"2024-07-06T08:00:26+00:00\",\"breadcrumb\":{\"@id\":\"https:\\\/\\\/faceart.club\\\/shop\\\/produkt\\\/wimpernverlaengerung-serum-augenbrauenserum-niclay\\\/#breadcrumb\"},\"inLanguage\":\"de\",\"potentialAction\":[{\"@type\":\"ReadAction\",\"target\":[\"https:\\\/\\\/faceart.club\\\/shop\\\/produkt\\\/wimpernverlaengerung-serum-augenbrauenserum-niclay\\\/\"]}]},{\"@type\":\"ImageObject\",\"inLanguage\":\"de\",\"@id\":\"https:\\\/\\\/faceart.club\\\/shop\\\/produkt\\\/wimpernverlaengerung-serum-augenbrauenserum-niclay\\\/#primaryimage\",\"url\":\"https:\\\/\\\/faceart.club\\\/shop\\\/wp-content\\\/uploads\\\/2018\\\/05\\\/Niclay-WIMPERN-AUGENBRAUENSERUM-1-min.jpg\",\"contentUrl\":\"https:\\\/\\\/faceart.club\\\/shop\\\/wp-content\\\/uploads\\\/2018\\\/05\\\/Niclay-WIMPERN-AUGENBRAUENSERUM-1-min.jpg\",\"width\":3595,\"height\":3596,\"caption\":\"Niclay WIMPERN & AUGENBRAUENSERUM\"},{\"@type\":\"BreadcrumbList\",\"@id\":\"https:\\\/\\\/faceart.club\\\/shop\\\/produkt\\\/wimpernverlaengerung-serum-augenbrauenserum-niclay\\\/#breadcrumb\",\"itemListElement\":[{\"@type\":\"ListItem\",\"position\":1,\"name\":\"Home\",\"item\":\"https:\\\/\\\/faceart.club\\\/shop\\\/\"},{\"@type\":\"ListItem\",\"position\":2,\"name\":\"Home\",\"item\":\"https:\\\/\\\/faceart.club\\\/shop\\\/\"},{\"@type\":\"ListItem\",\"position\":3,\"name\":\"Wimpernverl\u00e4ngerung serum &#038; Augenbrauenserum Niclay 3,5ml\"}]},{\"@type\":\"WebSite\",\"@id\":\"https:\\\/\\\/faceart.club\\\/shop\\\/#website\",\"url\":\"https:\\\/\\\/faceart.club\\\/shop\\\/\",\"name\":\"FaceArt Club Shop\",\"description\":\"Wimpern &amp; Augenbrauen Produkte\",\"publisher\":{\"@id\":\"https:\\\/\\\/faceart.club\\\/shop\\\/#organization\"},\"potentialAction\":[{\"@type\":\"SearchAction\",\"target\":{\"@type\":\"EntryPoint\",\"urlTemplate\":\"https:\\\/\\\/faceart.club\\\/shop\\\/?s={search_term_string}\"},\"query-input\":{\"@type\":\"PropertyValueSpecification\",\"valueRequired\":true,\"valueName\":\"search_term_string\"}}],\"inLanguage\":\"de\"},{\"@type\":\"Organization\",\"@id\":\"https:\\\/\\\/faceart.club\\\/shop\\\/#organization\",\"name\":\"FaceArt Club Shop\",\"url\":\"https:\\\/\\\/faceart.club\\\/shop\\\/\",\"logo\":{\"@type\":\"ImageObject\",\"inLanguage\":\"de\",\"@id\":\"https:\\\/\\\/faceart.club\\\/shop\\\/#\\\/schema\\\/logo\\\/image\\\/\",\"url\":\"https:\\\/\\\/faceart.club\\\/shop\\\/wp-content\\\/uploads\\\/2024\\\/04\\\/faceart_club_logo_blau_weiss_2800x2800-scaled.jpg\",\"contentUrl\":\"https:\\\/\\\/faceart.club\\\/shop\\\/wp-content\\\/uploads\\\/2024\\\/04\\\/faceart_club_logo_blau_weiss_2800x2800-scaled.jpg\",\"width\":2560,\"height\":2560,\"caption\":\"FaceArt Club Shop\"},\"image\":{\"@id\":\"https:\\\/\\\/faceart.club\\\/shop\\\/#\\\/schema\\\/logo\\\/image\\\/\"},\"sameAs\":[\"https:\\\/\\\/www.facebook.com\\\/faceart.club\\\/\",\"https:\\\/\\\/x.com\\\/faceart_club\",\"https:\\\/\\\/www.instagram.com\\\/faceart_club\"]}]}<\/script>\n<!-- \/ Yoast SEO plugin. -->","yoast_head_json":{"title":"Wimpernverl\u00e4ngerung serum & Augenbrauenserum Niclay 3,5ml - FaceArt Club Shop","robots":{"index":"index","follow":"follow","max-snippet":"max-snippet:-1","max-image-preview":"max-image-preview:large","max-video-preview":"max-video-preview:-1"},"canonical":"https:\/\/faceart.club\/shop\/produkt\/wimpernverlaengerung-serum-augenbrauenserum-niclay\/","og_locale":"de_DE","og_type":"article","og_title":"Wimpernverl\u00e4ngerung serum & Augenbrauenserum Niclay 3,5ml - FaceArt Club Shop","og_description":"Sofort lieferbar! Lieferzeit 2-5 Tage.  Serum f\u00fcr lange &amp; volle Wimpern und Augenbrauen  &nbsp; NF\u00fcr dichtere &amp; volumin\u00f6se Wimpern &amp; Augenbrauen NSteigert Volumen &amp; Dicke der H\u00e4rchen NEs ist pflanzlich, vegan und v\u00f6llig frei von Hormonen &nbsp;  Inhalt: 3,5 ml (\u20ac 11,4 \/ 1ml) Kategorie: Serum Typ: Wimpern &amp; Augenbrauen  &nbsp;","og_url":"https:\/\/faceart.club\/shop\/produkt\/wimpernverlaengerung-serum-augenbrauenserum-niclay\/","og_site_name":"FaceArt Club Shop","article_publisher":"https:\/\/www.facebook.com\/faceart.club\/","article_modified_time":"2024-07-06T08:00:26+00:00","og_image":[{"width":3595,"height":3596,"url":"https:\/\/faceart.club\/shop\/wp-content\/uploads\/2018\/05\/Niclay-WIMPERN-AUGENBRAUENSERUM-1-min.jpg","type":"image\/jpeg"}],"twitter_card":"summary_large_image","twitter_site":"@faceart_club","twitter_misc":{"Gesch\u00e4tzte Lesezeit":"1\u00a0Minute"},"schema":{"@context":"https:\/\/schema.org","@graph":[{"@type":"WebPage","@id":"https:\/\/faceart.club\/shop\/produkt\/wimpernverlaengerung-serum-augenbrauenserum-niclay\/","url":"https:\/\/faceart.club\/shop\/produkt\/wimpernverlaengerung-serum-augenbrauenserum-niclay\/","name":"Wimpernverl\u00e4ngerung serum & Augenbrauenserum Niclay 3,5ml - FaceArt Club Shop","isPartOf":{"@id":"https:\/\/faceart.club\/shop\/#website"},"primaryImageOfPage":{"@id":"https:\/\/faceart.club\/shop\/produkt\/wimpernverlaengerung-serum-augenbrauenserum-niclay\/#primaryimage"},"image":{"@id":"https:\/\/faceart.club\/shop\/produkt\/wimpernverlaengerung-serum-augenbrauenserum-niclay\/#primaryimage"},"thumbnailUrl":"https:\/\/faceart.club\/shop\/wp-content\/uploads\/2018\/05\/Niclay-WIMPERN-AUGENBRAUENSERUM-1-min.jpg","datePublished":"2018-05-14T22:13:03+00:00","dateModified":"2024-07-06T08:00:26+00:00","breadcrumb":{"@id":"https:\/\/faceart.club\/shop\/produkt\/wimpernverlaengerung-serum-augenbrauenserum-niclay\/#breadcrumb"},"inLanguage":"de","potentialAction":[{"@type":"ReadAction","target":["https:\/\/faceart.club\/shop\/produkt\/wimpernverlaengerung-serum-augenbrauenserum-niclay\/"]}]},{"@type":"ImageObject","inLanguage":"de","@id":"https:\/\/faceart.club\/shop\/produkt\/wimpernverlaengerung-serum-augenbrauenserum-niclay\/#primaryimage","url":"https:\/\/faceart.club\/shop\/wp-content\/uploads\/2018\/05\/Niclay-WIMPERN-AUGENBRAUENSERUM-1-min.jpg","contentUrl":"https:\/\/faceart.club\/shop\/wp-content\/uploads\/2018\/05\/Niclay-WIMPERN-AUGENBRAUENSERUM-1-min.jpg","width":3595,"height":3596,"caption":"Niclay WIMPERN & AUGENBRAUENSERUM"},{"@type":"BreadcrumbList","@id":"https:\/\/faceart.club\/shop\/produkt\/wimpernverlaengerung-serum-augenbrauenserum-niclay\/#breadcrumb","itemListElement":[{"@type":"ListItem","position":1,"name":"Home","item":"https:\/\/faceart.club\/shop\/"},{"@type":"ListItem","position":2,"name":"Home","item":"https:\/\/faceart.club\/shop\/"},{"@type":"ListItem","position":3,"name":"Wimpernverl\u00e4ngerung serum &#038; Augenbrauenserum Niclay 3,5ml"}]},{"@type":"WebSite","@id":"https:\/\/faceart.club\/shop\/#website","url":"https:\/\/faceart.club\/shop\/","name":"FaceArt Club Shop","description":"Wimpern &amp; Augenbrauen Produkte","publisher":{"@id":"https:\/\/faceart.club\/shop\/#organization"},"potentialAction":[{"@type":"SearchAction","target":{"@type":"EntryPoint","urlTemplate":"https:\/\/faceart.club\/shop\/?s={search_term_string}"},"query-input":{"@type":"PropertyValueSpecification","valueRequired":true,"valueName":"search_term_string"}}],"inLanguage":"de"},{"@type":"Organization","@id":"https:\/\/faceart.club\/shop\/#organization","name":"FaceArt Club Shop","url":"https:\/\/faceart.club\/shop\/","logo":{"@type":"ImageObject","inLanguage":"de","@id":"https:\/\/faceart.club\/shop\/#\/schema\/logo\/image\/","url":"https:\/\/faceart.club\/shop\/wp-content\/uploads\/2024\/04\/faceart_club_logo_blau_weiss_2800x2800-scaled.jpg","contentUrl":"https:\/\/faceart.club\/shop\/wp-content\/uploads\/2024\/04\/faceart_club_logo_blau_weiss_2800x2800-scaled.jpg","width":2560,"height":2560,"caption":"FaceArt Club Shop"},"image":{"@id":"https:\/\/faceart.club\/shop\/#\/schema\/logo\/image\/"},"sameAs":["https:\/\/www.facebook.com\/faceart.club\/","https:\/\/x.com\/faceart_club","https:\/\/www.instagram.com\/faceart_club"]}]}},"uagb_featured_image_src":{"full":["https:\/\/faceart.club\/shop\/wp-content\/uploads\/2018\/05\/Niclay-WIMPERN-AUGENBRAUENSERUM-1-min.jpg",3595,3596,false],"thumbnail":["https:\/\/faceart.club\/shop\/wp-content\/uploads\/2018\/05\/Niclay-WIMPERN-AUGENBRAUENSERUM-1-min-150x150.jpg",150,150,true],"medium":["https:\/\/faceart.club\/shop\/wp-content\/uploads\/2018\/05\/Niclay-WIMPERN-AUGENBRAUENSERUM-1-min-300x300.jpg",300,300,true],"medium_large":["https:\/\/faceart.club\/shop\/wp-content\/uploads\/2018\/05\/Niclay-WIMPERN-AUGENBRAUENSERUM-1-min-768x768.jpg",768,768,true],"large":["https:\/\/faceart.club\/shop\/wp-content\/uploads\/2018\/05\/Niclay-WIMPERN-AUGENBRAUENSERUM-1-min-1024x1024.jpg",1024,1024,true],"1536x1536":["https:\/\/faceart.club\/shop\/wp-content\/uploads\/2018\/05\/Niclay-WIMPERN-AUGENBRAUENSERUM-1-min.jpg",1536,1536,false],"2048x2048":["https:\/\/faceart.club\/shop\/wp-content\/uploads\/2018\/05\/Niclay-WIMPERN-AUGENBRAUENSERUM-1-min.jpg",2048,2048,false],"et-pb-post-main-image":["https:\/\/faceart.club\/shop\/wp-content\/uploads\/2018\/05\/Niclay-WIMPERN-AUGENBRAUENSERUM-1-min-400x250.jpg",400,250,true],"et-pb-post-main-image-fullwidth":["https:\/\/faceart.club\/shop\/wp-content\/uploads\/2018\/05\/Niclay-WIMPERN-AUGENBRAUENSERUM-1-min-1080x675.jpg",1080,675,true],"et-pb-portfolio-image":["https:\/\/faceart.club\/shop\/wp-content\/uploads\/2018\/05\/Niclay-WIMPERN-AUGENBRAUENSERUM-1-min-400x284.jpg",400,284,true],"et-pb-portfolio-module-image":["https:\/\/faceart.club\/shop\/wp-content\/uploads\/2018\/05\/Niclay-WIMPERN-AUGENBRAUENSERUM-1-min-510x382.jpg",510,382,true],"et-pb-portfolio-image-single":["https:\/\/faceart.club\/shop\/wp-content\/uploads\/2018\/05\/Niclay-WIMPERN-AUGENBRAUENSERUM-1-min-1080x1080.jpg",1080,1080,true],"et-pb-gallery-module-image-portrait":["https:\/\/faceart.club\/shop\/wp-content\/uploads\/2018\/05\/Niclay-WIMPERN-AUGENBRAUENSERUM-1-min-400x516.jpg",400,516,true],"et-pb-post-main-image-fullwidth-large":["https:\/\/faceart.club\/shop\/wp-content\/uploads\/2018\/05\/Niclay-WIMPERN-AUGENBRAUENSERUM-1-min-2880x1800.jpg",2880,1800,true],"et-pb-image--responsive--desktop":["https:\/\/faceart.club\/shop\/wp-content\/uploads\/2018\/05\/Niclay-WIMPERN-AUGENBRAUENSERUM-1-min.jpg",720,720,false],"et-pb-image--responsive--tablet":["https:\/\/faceart.club\/shop\/wp-content\/uploads\/2018\/05\/Niclay-WIMPERN-AUGENBRAUENSERUM-1-min.jpg",551,551,false],"et-pb-image--responsive--phone":["https:\/\/faceart.club\/shop\/wp-content\/uploads\/2018\/05\/Niclay-WIMPERN-AUGENBRAUENSERUM-1-min.jpg",270,270,false],"woocommerce_thumbnail":["https:\/\/faceart.club\/shop\/wp-content\/uploads\/2018\/05\/Niclay-WIMPERN-AUGENBRAUENSERUM-1-min-400x400.jpg",400,400,true],"woocommerce_single":["https:\/\/faceart.club\/shop\/wp-content\/uploads\/2018\/05\/Niclay-WIMPERN-AUGENBRAUENSERUM-1-min-510x510.jpg",510,510,true],"woocommerce_gallery_thumbnail":["https:\/\/faceart.club\/shop\/wp-content\/uploads\/2018\/05\/Niclay-WIMPERN-AUGENBRAUENSERUM-1-min-100x100.jpg",100,100,true]},"uagb_author_info":{"display_name":"FaceArt Club","author_link":"https:\/\/faceart.club\/shop\/author\/"},"uagb_comment_info":9,"uagb_excerpt":"Sofort lieferbar! Lieferzeit 2-5 Tage. Serum f\u00fcr lange &amp; volle Wimpern und Augenbrauen &nbsp; NF\u00fcr dichtere &amp; volumin\u00f6se Wimpern &amp; Augenbrauen NSteigert Volumen &amp; Dicke der H\u00e4rchen NEs ist pflanzlich, vegan und v\u00f6llig frei von Hormonen &nbsp; Inhalt: 3,5 ml (\u20ac 11,4 \/ 1ml) Kategorie: Serum Typ: Wimpern &amp; Augenbrauen &nbsp;","tiered_pricing_type":"fixed","tiered_pricing_fixed_rules":[],"tiered_pricing_product_settings":{"layout":"default","base_unit_name":{"singular":null,"plural":null},"default_variation":null},"tiered_pricing_minimum_quantity":null,"tiered_pricing_roles_data":[],"tiered_pricing_percentage_rules":[],"_links":{"self":[{"href":"https:\/\/faceart.club\/shop\/wp-json\/wp\/v2\/product\/1635","targetHints":{"allow":["GET"]}}],"collection":[{"href":"https:\/\/faceart.club\/shop\/wp-json\/wp\/v2\/product"}],"about":[{"href":"https:\/\/faceart.club\/shop\/wp-json\/wp\/v2\/types\/product"}],"replies":[{"embeddable":true,"href":"https:\/\/faceart.club\/shop\/wp-json\/wp\/v2\/comments?post=1635"}],"wp:featuredmedia":[{"embeddable":true,"href":"https:\/\/faceart.club\/shop\/wp-json\/wp\/v2\/media\/2209"}],"wp:attachment":[{"href":"https:\/\/faceart.club\/shop\/wp-json\/wp\/v2\/media?parent=1635"}],"wp:term":[{"taxonomy":"product_brand","embeddable":true,"href":"https:\/\/faceart.club\/shop\/wp-json\/wp\/v2\/product_brand?post=1635"},{"taxonomy":"product_cat","embeddable":true,"href":"https:\/\/faceart.club\/shop\/wp-json\/wp\/v2\/product_cat?post=1635"},{"taxonomy":"product_tag","embeddable":true,"href":"https:\/\/faceart.club\/shop\/wp-json\/wp\/v2\/product_tag?post=1635"}],"curies":[{"name":"wp","href":"https:\/\/api.w.org\/{rel}","templated":true}]}}