{"id":1679,"date":"2018-06-14T23:00:01","date_gmt":"2018-06-14T21:00:01","guid":{"rendered":"https:\/\/mimi-lashes.de\/?post_type=product&#038;p=1679"},"modified":"2023-10-27T09:42:58","modified_gmt":"2023-10-27T07:42:58","slug":"mikro-applikatoren-fuer-wimpernverlaengerungen-mikrobuersten","status":"publish","type":"product","link":"https:\/\/faceart.club\/shop\/produkt\/mikro-applikatoren-fuer-wimpernverlaengerungen-mikrobuersten\/","title":{"rendered":"Mikro Applikatoren f\u00fcr Wimpernverl\u00e4ngerungen Mikrob\u00fcrsten"},"content":{"rendered":"","protected":false},"excerpt":{"rendered":"<ul>\n<li>Kann beliebiger Biegewinkel sein.<\/li>\n<li>Einweg-Make-up-Tools, nicht fusselnd.<\/li>\n<li>Sehr sauber und sanit\u00e4r, verhindern Infektion.<\/li>\n<li>Geeignet f\u00fcr Salon und Hausgebrauch.<\/li>\n<li>Lieferumfang: 100 x Micro-Applikatoren in Dose oder in T\u00fcte.<\/li>\n<\/ul>\n","protected":false},"featured_media":1680,"comment_status":"open","ping_status":"closed","template":"","meta":{"_et_pb_use_builder":"","_et_pb_old_content":"","_et_gb_content_width":"","_uag_custom_page_level_css":""},"product_brand":[],"product_cat":[33],"product_tag":[],"class_list":{"0":"post-1679","1":"product","2":"type-product","3":"status-publish","4":"has-post-thumbnail","6":"product_cat-zubehoer","8":"first","9":"instock","10":"taxable","11":"shipping-taxable","12":"purchasable","13":"product-type-simple"},"yoast_head":"<!-- This site is optimized with the Yoast SEO plugin v27.6 - https:\/\/yoast.com\/product\/yoast-seo-wordpress\/ -->\n<title>Mikro Applikatoren f\u00fcr Wimpernverl\u00e4ngerungen Mikrob\u00fcrsten - FaceArt Club Shop<\/title>\n<meta name=\"robots\" content=\"index, follow, max-snippet:-1, max-image-preview:large, max-video-preview:-1\" \/>\n<link rel=\"canonical\" href=\"https:\/\/faceart.club\/shop\/produkt\/mikro-applikatoren-fuer-wimpernverlaengerungen-mikrobuersten\/\" \/>\n<meta property=\"og:locale\" content=\"de_DE\" \/>\n<meta property=\"og:type\" content=\"article\" \/>\n<meta property=\"og:title\" content=\"Mikro Applikatoren f\u00fcr Wimpernverl\u00e4ngerungen Mikrob\u00fcrsten - FaceArt Club Shop\" \/>\n<meta property=\"og:description\" content=\"Kann beliebiger Biegewinkel sein.  Einweg-Make-up-Tools, nicht fusselnd.  Sehr sauber und sanit\u00e4r, verhindern Infektion.  Geeignet f\u00fcr Salon und Hausgebrauch.  Lieferumfang: 100 x Micro-Applikatoren in Dose oder in T\u00fcte.\" \/>\n<meta property=\"og:url\" content=\"https:\/\/faceart.club\/shop\/produkt\/mikro-applikatoren-fuer-wimpernverlaengerungen-mikrobuersten\/\" \/>\n<meta property=\"og:site_name\" content=\"FaceArt Club Shop\" \/>\n<meta property=\"article:publisher\" content=\"https:\/\/www.facebook.com\/faceart.club\/\" \/>\n<meta property=\"article:modified_time\" content=\"2023-10-27T07:42:58+00:00\" \/>\n<meta property=\"og:image\" content=\"https:\/\/faceart.club\/shop\/wp-content\/uploads\/2018\/06\/mikro-applikatoren-mikrobuersten-tuete-blau.jpg\" \/>\n\t<meta property=\"og:image:width\" content=\"587\" \/>\n\t<meta property=\"og:image:height\" content=\"400\" \/>\n\t<meta property=\"og:image:type\" content=\"image\/jpeg\" \/>\n<meta name=\"twitter:card\" content=\"summary_large_image\" \/>\n<meta name=\"twitter:site\" content=\"@faceart_club\" \/>\n<script type=\"application\/ld+json\" class=\"yoast-schema-graph\">{\"@context\":\"https:\\\/\\\/schema.org\",\"@graph\":[{\"@type\":\"WebPage\",\"@id\":\"https:\\\/\\\/faceart.club\\\/shop\\\/produkt\\\/mikro-applikatoren-fuer-wimpernverlaengerungen-mikrobuersten\\\/\",\"url\":\"https:\\\/\\\/faceart.club\\\/shop\\\/produkt\\\/mikro-applikatoren-fuer-wimpernverlaengerungen-mikrobuersten\\\/\",\"name\":\"Mikro Applikatoren f\u00fcr Wimpernverl\u00e4ngerungen Mikrob\u00fcrsten - FaceArt Club Shop\",\"isPartOf\":{\"@id\":\"https:\\\/\\\/faceart.club\\\/shop\\\/#website\"},\"primaryImageOfPage\":{\"@id\":\"https:\\\/\\\/faceart.club\\\/shop\\\/produkt\\\/mikro-applikatoren-fuer-wimpernverlaengerungen-mikrobuersten\\\/#primaryimage\"},\"image\":{\"@id\":\"https:\\\/\\\/faceart.club\\\/shop\\\/produkt\\\/mikro-applikatoren-fuer-wimpernverlaengerungen-mikrobuersten\\\/#primaryimage\"},\"thumbnailUrl\":\"https:\\\/\\\/faceart.club\\\/shop\\\/wp-content\\\/uploads\\\/2018\\\/06\\\/mikro-applikatoren-mikrobuersten-tuete-blau.jpg\",\"datePublished\":\"2018-06-14T21:00:01+00:00\",\"dateModified\":\"2023-10-27T07:42:58+00:00\",\"breadcrumb\":{\"@id\":\"https:\\\/\\\/faceart.club\\\/shop\\\/produkt\\\/mikro-applikatoren-fuer-wimpernverlaengerungen-mikrobuersten\\\/#breadcrumb\"},\"inLanguage\":\"de\",\"potentialAction\":[{\"@type\":\"ReadAction\",\"target\":[\"https:\\\/\\\/faceart.club\\\/shop\\\/produkt\\\/mikro-applikatoren-fuer-wimpernverlaengerungen-mikrobuersten\\\/\"]}]},{\"@type\":\"ImageObject\",\"inLanguage\":\"de\",\"@id\":\"https:\\\/\\\/faceart.club\\\/shop\\\/produkt\\\/mikro-applikatoren-fuer-wimpernverlaengerungen-mikrobuersten\\\/#primaryimage\",\"url\":\"https:\\\/\\\/faceart.club\\\/shop\\\/wp-content\\\/uploads\\\/2018\\\/06\\\/mikro-applikatoren-mikrobuersten-tuete-blau.jpg\",\"contentUrl\":\"https:\\\/\\\/faceart.club\\\/shop\\\/wp-content\\\/uploads\\\/2018\\\/06\\\/mikro-applikatoren-mikrobuersten-tuete-blau.jpg\",\"width\":587,\"height\":400,\"caption\":\"mikro-applikatoren-mikrobuersten-tuete-blau\"},{\"@type\":\"BreadcrumbList\",\"@id\":\"https:\\\/\\\/faceart.club\\\/shop\\\/produkt\\\/mikro-applikatoren-fuer-wimpernverlaengerungen-mikrobuersten\\\/#breadcrumb\",\"itemListElement\":[{\"@type\":\"ListItem\",\"position\":1,\"name\":\"Home\",\"item\":\"https:\\\/\\\/faceart.club\\\/shop\\\/\"},{\"@type\":\"ListItem\",\"position\":2,\"name\":\"Home\",\"item\":\"https:\\\/\\\/faceart.club\\\/shop\\\/\"},{\"@type\":\"ListItem\",\"position\":3,\"name\":\"Mikro Applikatoren f\u00fcr Wimpernverl\u00e4ngerungen Mikrob\u00fcrsten\"}]},{\"@type\":\"WebSite\",\"@id\":\"https:\\\/\\\/faceart.club\\\/shop\\\/#website\",\"url\":\"https:\\\/\\\/faceart.club\\\/shop\\\/\",\"name\":\"FaceArt Club Shop\",\"description\":\"Wimpern &amp; Augenbrauen Produkte\",\"publisher\":{\"@id\":\"https:\\\/\\\/faceart.club\\\/shop\\\/#organization\"},\"potentialAction\":[{\"@type\":\"SearchAction\",\"target\":{\"@type\":\"EntryPoint\",\"urlTemplate\":\"https:\\\/\\\/faceart.club\\\/shop\\\/?s={search_term_string}\"},\"query-input\":{\"@type\":\"PropertyValueSpecification\",\"valueRequired\":true,\"valueName\":\"search_term_string\"}}],\"inLanguage\":\"de\"},{\"@type\":\"Organization\",\"@id\":\"https:\\\/\\\/faceart.club\\\/shop\\\/#organization\",\"name\":\"FaceArt Club Shop\",\"url\":\"https:\\\/\\\/faceart.club\\\/shop\\\/\",\"logo\":{\"@type\":\"ImageObject\",\"inLanguage\":\"de\",\"@id\":\"https:\\\/\\\/faceart.club\\\/shop\\\/#\\\/schema\\\/logo\\\/image\\\/\",\"url\":\"https:\\\/\\\/faceart.club\\\/shop\\\/wp-content\\\/uploads\\\/2024\\\/04\\\/faceart_club_logo_blau_weiss_2800x2800-scaled.jpg\",\"contentUrl\":\"https:\\\/\\\/faceart.club\\\/shop\\\/wp-content\\\/uploads\\\/2024\\\/04\\\/faceart_club_logo_blau_weiss_2800x2800-scaled.jpg\",\"width\":2560,\"height\":2560,\"caption\":\"FaceArt Club Shop\"},\"image\":{\"@id\":\"https:\\\/\\\/faceart.club\\\/shop\\\/#\\\/schema\\\/logo\\\/image\\\/\"},\"sameAs\":[\"https:\\\/\\\/www.facebook.com\\\/faceart.club\\\/\",\"https:\\\/\\\/x.com\\\/faceart_club\",\"https:\\\/\\\/www.instagram.com\\\/faceart_club\"]}]}<\/script>\n<!-- \/ Yoast SEO plugin. -->","yoast_head_json":{"title":"Mikro Applikatoren f\u00fcr Wimpernverl\u00e4ngerungen Mikrob\u00fcrsten - FaceArt Club Shop","robots":{"index":"index","follow":"follow","max-snippet":"max-snippet:-1","max-image-preview":"max-image-preview:large","max-video-preview":"max-video-preview:-1"},"canonical":"https:\/\/faceart.club\/shop\/produkt\/mikro-applikatoren-fuer-wimpernverlaengerungen-mikrobuersten\/","og_locale":"de_DE","og_type":"article","og_title":"Mikro Applikatoren f\u00fcr Wimpernverl\u00e4ngerungen Mikrob\u00fcrsten - FaceArt Club Shop","og_description":"Kann beliebiger Biegewinkel sein.  Einweg-Make-up-Tools, nicht fusselnd.  Sehr sauber und sanit\u00e4r, verhindern Infektion.  Geeignet f\u00fcr Salon und Hausgebrauch.  Lieferumfang: 100 x Micro-Applikatoren in Dose oder in T\u00fcte.","og_url":"https:\/\/faceart.club\/shop\/produkt\/mikro-applikatoren-fuer-wimpernverlaengerungen-mikrobuersten\/","og_site_name":"FaceArt Club Shop","article_publisher":"https:\/\/www.facebook.com\/faceart.club\/","article_modified_time":"2023-10-27T07:42:58+00:00","og_image":[{"width":587,"height":400,"url":"https:\/\/faceart.club\/shop\/wp-content\/uploads\/2018\/06\/mikro-applikatoren-mikrobuersten-tuete-blau.jpg","type":"image\/jpeg"}],"twitter_card":"summary_large_image","twitter_site":"@faceart_club","schema":{"@context":"https:\/\/schema.org","@graph":[{"@type":"WebPage","@id":"https:\/\/faceart.club\/shop\/produkt\/mikro-applikatoren-fuer-wimpernverlaengerungen-mikrobuersten\/","url":"https:\/\/faceart.club\/shop\/produkt\/mikro-applikatoren-fuer-wimpernverlaengerungen-mikrobuersten\/","name":"Mikro Applikatoren f\u00fcr Wimpernverl\u00e4ngerungen Mikrob\u00fcrsten - FaceArt Club Shop","isPartOf":{"@id":"https:\/\/faceart.club\/shop\/#website"},"primaryImageOfPage":{"@id":"https:\/\/faceart.club\/shop\/produkt\/mikro-applikatoren-fuer-wimpernverlaengerungen-mikrobuersten\/#primaryimage"},"image":{"@id":"https:\/\/faceart.club\/shop\/produkt\/mikro-applikatoren-fuer-wimpernverlaengerungen-mikrobuersten\/#primaryimage"},"thumbnailUrl":"https:\/\/faceart.club\/shop\/wp-content\/uploads\/2018\/06\/mikro-applikatoren-mikrobuersten-tuete-blau.jpg","datePublished":"2018-06-14T21:00:01+00:00","dateModified":"2023-10-27T07:42:58+00:00","breadcrumb":{"@id":"https:\/\/faceart.club\/shop\/produkt\/mikro-applikatoren-fuer-wimpernverlaengerungen-mikrobuersten\/#breadcrumb"},"inLanguage":"de","potentialAction":[{"@type":"ReadAction","target":["https:\/\/faceart.club\/shop\/produkt\/mikro-applikatoren-fuer-wimpernverlaengerungen-mikrobuersten\/"]}]},{"@type":"ImageObject","inLanguage":"de","@id":"https:\/\/faceart.club\/shop\/produkt\/mikro-applikatoren-fuer-wimpernverlaengerungen-mikrobuersten\/#primaryimage","url":"https:\/\/faceart.club\/shop\/wp-content\/uploads\/2018\/06\/mikro-applikatoren-mikrobuersten-tuete-blau.jpg","contentUrl":"https:\/\/faceart.club\/shop\/wp-content\/uploads\/2018\/06\/mikro-applikatoren-mikrobuersten-tuete-blau.jpg","width":587,"height":400,"caption":"mikro-applikatoren-mikrobuersten-tuete-blau"},{"@type":"BreadcrumbList","@id":"https:\/\/faceart.club\/shop\/produkt\/mikro-applikatoren-fuer-wimpernverlaengerungen-mikrobuersten\/#breadcrumb","itemListElement":[{"@type":"ListItem","position":1,"name":"Home","item":"https:\/\/faceart.club\/shop\/"},{"@type":"ListItem","position":2,"name":"Home","item":"https:\/\/faceart.club\/shop\/"},{"@type":"ListItem","position":3,"name":"Mikro Applikatoren f\u00fcr Wimpernverl\u00e4ngerungen Mikrob\u00fcrsten"}]},{"@type":"WebSite","@id":"https:\/\/faceart.club\/shop\/#website","url":"https:\/\/faceart.club\/shop\/","name":"FaceArt Club Shop","description":"Wimpern &amp; Augenbrauen Produkte","publisher":{"@id":"https:\/\/faceart.club\/shop\/#organization"},"potentialAction":[{"@type":"SearchAction","target":{"@type":"EntryPoint","urlTemplate":"https:\/\/faceart.club\/shop\/?s={search_term_string}"},"query-input":{"@type":"PropertyValueSpecification","valueRequired":true,"valueName":"search_term_string"}}],"inLanguage":"de"},{"@type":"Organization","@id":"https:\/\/faceart.club\/shop\/#organization","name":"FaceArt Club Shop","url":"https:\/\/faceart.club\/shop\/","logo":{"@type":"ImageObject","inLanguage":"de","@id":"https:\/\/faceart.club\/shop\/#\/schema\/logo\/image\/","url":"https:\/\/faceart.club\/shop\/wp-content\/uploads\/2024\/04\/faceart_club_logo_blau_weiss_2800x2800-scaled.jpg","contentUrl":"https:\/\/faceart.club\/shop\/wp-content\/uploads\/2024\/04\/faceart_club_logo_blau_weiss_2800x2800-scaled.jpg","width":2560,"height":2560,"caption":"FaceArt Club Shop"},"image":{"@id":"https:\/\/faceart.club\/shop\/#\/schema\/logo\/image\/"},"sameAs":["https:\/\/www.facebook.com\/faceart.club\/","https:\/\/x.com\/faceart_club","https:\/\/www.instagram.com\/faceart_club"]}]}},"uagb_featured_image_src":{"full":["https:\/\/faceart.club\/shop\/wp-content\/uploads\/2018\/06\/mikro-applikatoren-mikrobuersten-tuete-blau.jpg",587,400,false],"thumbnail":["https:\/\/faceart.club\/shop\/wp-content\/uploads\/2018\/06\/mikro-applikatoren-mikrobuersten-tuete-blau-150x150.jpg",150,150,true],"medium":["https:\/\/faceart.club\/shop\/wp-content\/uploads\/2018\/06\/mikro-applikatoren-mikrobuersten-tuete-blau-300x204.jpg",300,204,true],"medium_large":["https:\/\/faceart.club\/shop\/wp-content\/uploads\/2018\/06\/mikro-applikatoren-mikrobuersten-tuete-blau.jpg",587,400,false],"large":["https:\/\/faceart.club\/shop\/wp-content\/uploads\/2018\/06\/mikro-applikatoren-mikrobuersten-tuete-blau.jpg",587,400,false],"1536x1536":["https:\/\/faceart.club\/shop\/wp-content\/uploads\/2018\/06\/mikro-applikatoren-mikrobuersten-tuete-blau.jpg",587,400,false],"2048x2048":["https:\/\/faceart.club\/shop\/wp-content\/uploads\/2018\/06\/mikro-applikatoren-mikrobuersten-tuete-blau.jpg",587,400,false],"et-pb-post-main-image":["https:\/\/faceart.club\/shop\/wp-content\/uploads\/2018\/06\/mikro-applikatoren-mikrobuersten-tuete-blau-400x250.jpg",400,250,true],"et-pb-post-main-image-fullwidth":["https:\/\/faceart.club\/shop\/wp-content\/uploads\/2018\/06\/mikro-applikatoren-mikrobuersten-tuete-blau.jpg",587,400,false],"et-pb-portfolio-image":["https:\/\/faceart.club\/shop\/wp-content\/uploads\/2018\/06\/mikro-applikatoren-mikrobuersten-tuete-blau-400x284.jpg",400,284,true],"et-pb-portfolio-module-image":["https:\/\/faceart.club\/shop\/wp-content\/uploads\/2018\/06\/mikro-applikatoren-mikrobuersten-tuete-blau-510x382.jpg",510,382,true],"et-pb-portfolio-image-single":["https:\/\/faceart.club\/shop\/wp-content\/uploads\/2018\/06\/mikro-applikatoren-mikrobuersten-tuete-blau.jpg",587,400,false],"et-pb-gallery-module-image-portrait":["https:\/\/faceart.club\/shop\/wp-content\/uploads\/2018\/06\/mikro-applikatoren-mikrobuersten-tuete-blau-400x400.jpg",400,400,true],"et-pb-post-main-image-fullwidth-large":["https:\/\/faceart.club\/shop\/wp-content\/uploads\/2018\/06\/mikro-applikatoren-mikrobuersten-tuete-blau.jpg",587,400,false],"et-pb-image--responsive--desktop":["https:\/\/faceart.club\/shop\/wp-content\/uploads\/2018\/06\/mikro-applikatoren-mikrobuersten-tuete-blau.jpg",587,400,false],"et-pb-image--responsive--tablet":["https:\/\/faceart.club\/shop\/wp-content\/uploads\/2018\/06\/mikro-applikatoren-mikrobuersten-tuete-blau.jpg",587,400,false],"et-pb-image--responsive--phone":["https:\/\/faceart.club\/shop\/wp-content\/uploads\/2018\/06\/mikro-applikatoren-mikrobuersten-tuete-blau.jpg",396,270,false],"woocommerce_thumbnail":["https:\/\/faceart.club\/shop\/wp-content\/uploads\/2018\/06\/mikro-applikatoren-mikrobuersten-tuete-blau-400x400.jpg",400,400,true],"woocommerce_single":["https:\/\/faceart.club\/shop\/wp-content\/uploads\/2018\/06\/mikro-applikatoren-mikrobuersten-tuete-blau-510x348.jpg",510,348,true],"woocommerce_gallery_thumbnail":["https:\/\/faceart.club\/shop\/wp-content\/uploads\/2018\/06\/mikro-applikatoren-mikrobuersten-tuete-blau-100x100.jpg",100,100,true]},"uagb_author_info":{"display_name":"FaceArt Club","author_link":"https:\/\/faceart.club\/shop\/author\/"},"uagb_comment_info":0,"uagb_excerpt":"Kann beliebiger Biegewinkel sein. Einweg-Make-up-Tools, nicht fusselnd. Sehr sauber und sanit\u00e4r, verhindern Infektion. Geeignet f\u00fcr Salon und Hausgebrauch. Lieferumfang: 100 x Micro-Applikatoren in Dose oder in T\u00fcte.","tiered_pricing_type":"fixed","tiered_pricing_fixed_rules":[],"tiered_pricing_product_settings":{"layout":"default","base_unit_name":{"singular":null,"plural":null},"default_variation":null},"tiered_pricing_minimum_quantity":null,"tiered_pricing_roles_data":[],"tiered_pricing_percentage_rules":[],"_links":{"self":[{"href":"https:\/\/faceart.club\/shop\/wp-json\/wp\/v2\/product\/1679","targetHints":{"allow":["GET"]}}],"collection":[{"href":"https:\/\/faceart.club\/shop\/wp-json\/wp\/v2\/product"}],"about":[{"href":"https:\/\/faceart.club\/shop\/wp-json\/wp\/v2\/types\/product"}],"replies":[{"embeddable":true,"href":"https:\/\/faceart.club\/shop\/wp-json\/wp\/v2\/comments?post=1679"}],"wp:featuredmedia":[{"embeddable":true,"href":"https:\/\/faceart.club\/shop\/wp-json\/wp\/v2\/media\/1680"}],"wp:attachment":[{"href":"https:\/\/faceart.club\/shop\/wp-json\/wp\/v2\/media?parent=1679"}],"wp:term":[{"taxonomy":"product_brand","embeddable":true,"href":"https:\/\/faceart.club\/shop\/wp-json\/wp\/v2\/product_brand?post=1679"},{"taxonomy":"product_cat","embeddable":true,"href":"https:\/\/faceart.club\/shop\/wp-json\/wp\/v2\/product_cat?post=1679"},{"taxonomy":"product_tag","embeddable":true,"href":"https:\/\/faceart.club\/shop\/wp-json\/wp\/v2\/product_tag?post=1679"}],"curies":[{"name":"wp","href":"https:\/\/api.w.org\/{rel}","templated":true}]}}