{"id":2044,"date":"2019-09-27T15:01:42","date_gmt":"2019-09-27T13:01:42","guid":{"rendered":"https:\/\/mimi-lashes.de\/?post_type=product&#038;p=2044"},"modified":"2023-10-27T18:35:14","modified_gmt":"2023-10-27T16:35:14","slug":"wimpernverlaengerung-tape-klebeband-papierklebeband","status":"publish","type":"product","link":"https:\/\/faceart.club\/shop\/produkt\/wimpernverlaengerung-tape-klebeband-papierklebeband\/","title":{"rendered":"Wimpernverl\u00e4ngerung Tape, Klebeband, Papierklebeband"},"content":{"rendered":"<p>&#8211; Diese wei\u00dfen Wimpernb\u00e4nder sind aus Vliesstoffen hergestellt.<br \/>\n&#8211; Fusselfrei und atmungsaktiv, so dass Sie sich angenehm anf\u00fchlen.<br \/>\n&#8211; Klebstoff, einfach, Ihre Augen w\u00e4hrend der Wimpernverl\u00e4ngerung zu sch\u00fctzen.<br \/>\n&#8211; Weich und flexibel, geeignet f\u00fcr Make-up-Salon, Kosmetikstudio, Maskenbildner.<\/p>\n<p><b>Spezifikation:<\/b><\/p>\n<p>&#8211; Material: Vliesstoffe<br \/>\n&#8211; Gr\u00f6\u00dfe: ca. 910\u00d7 1,3 cm<\/p>\n<p><b>Paket beinhaltet: 1 | 3 | 5 | 10 | 50 |: Bitte ausw\u00e4hlen<\/b><\/p>\n<p>Es gibt besonderen Preis f\u00fcr eine Bestellung mit gro\u00dfer Menge &gt; 100 St\u00fcck. In diesem Fall, schreibe uns bitte eine Nachricht.<\/p>\n","protected":false},"excerpt":{"rendered":"<p><span style=\"color: #28c377;\">Sofort lieferbar! Lieferzeit 2-5 Tage.<\/span><\/p>\n<p>&nbsp;<\/p>\n<ul>\n<li>Hochwertiges Tape, Klebeband f\u00fcr die Wimpernverl\u00e4ngerung, fusselfrei und atmungsaktiv auf der Haut, zum Abdecken der unteren Wimpernreihe bei der Wimpernverl\u00e4ngerung.<\/li>\n<li>Diese Papierklebeband Micropore sch\u00fctzt das untere Lid und die untere Wimpernreihe w\u00e4hrend der Wimpernbehandlung. Die anti-allergische Unterseite klebt sicher und l\u00e4sst sich dennoch schmerzfrei und leicht nach der Behandlung entfernen.<\/li>\n<li><span class=\"a-list-item\">Geeignet f\u00fcr Make-up Salon, Kosmetik-Studio, Make-up Artist<\/span><\/li>\n<li><span class=\"a-list-item\">Chirurgische Band dient zur Deckung der unteren Wimpern oder auf die Augenlider w\u00e4hrend der Applikation der Wimpern Extensions Band.<\/span><\/li>\n<li><span class=\"a-list-item\">Micropore Band dient auch zum Schutz Ihrer jade Stein vor Besch\u00e4digungen mit Klebstoff w\u00e4hrend Wimpernverl\u00e4ngerung Verfahren.<\/span><\/li>\n<\/ul>\n","protected":false},"featured_media":2050,"comment_status":"open","ping_status":"closed","template":"","meta":{"_et_pb_use_builder":"","_et_pb_old_content":"","_et_gb_content_width":"","_uag_custom_page_level_css":""},"product_brand":[],"product_cat":[33],"product_tag":[],"class_list":{"0":"post-2044","1":"product","2":"type-product","3":"status-publish","4":"has-post-thumbnail","6":"product_cat-zubehoer","7":"product_shipping_class-maxi-brief","9":"first","10":"instock","11":"taxable","12":"shipping-taxable","13":"purchasable","14":"product-type-variable","15":"has-default-attributes"},"yoast_head":"<!-- This site is optimized with the Yoast SEO plugin v27.6 - https:\/\/yoast.com\/product\/yoast-seo-wordpress\/ -->\n<title>Wimpernverl\u00e4ngerung Tape, Klebeband, Papierklebeband - FaceArt Club Shop<\/title>\n<meta name=\"robots\" content=\"index, follow, max-snippet:-1, max-image-preview:large, max-video-preview:-1\" \/>\n<link rel=\"canonical\" href=\"https:\/\/faceart.club\/shop\/produkt\/wimpernverlaengerung-tape-klebeband-papierklebeband\/\" \/>\n<meta property=\"og:locale\" content=\"de_DE\" \/>\n<meta property=\"og:type\" content=\"article\" \/>\n<meta property=\"og:title\" content=\"Wimpernverl\u00e4ngerung Tape, Klebeband, Papierklebeband - FaceArt Club Shop\" \/>\n<meta property=\"og:description\" content=\"Sofort lieferbar! Lieferzeit 2-5 Tage.  &nbsp;   Hochwertiges Tape, Klebeband f\u00fcr die Wimpernverl\u00e4ngerung, fusselfrei und atmungsaktiv auf der Haut, zum Abdecken der unteren Wimpernreihe bei der Wimpernverl\u00e4ngerung.  Diese Papierklebeband Micropore sch\u00fctzt das untere Lid und die untere Wimpernreihe w\u00e4hrend der Wimpernbehandlung. Die anti-allergische Unterseite klebt sicher und l\u00e4sst sich dennoch schmerzfrei und leicht nach der Behandlung entfernen.  Geeignet f\u00fcr Make-up Salon, Kosmetik-Studio, Make-up Artist  Chirurgische Band dient zur Deckung der unteren Wimpern oder auf die Augenlider w\u00e4hrend der Applikation der Wimpern Extensions Band.  Micropore Band dient auch zum Schutz Ihrer jade Stein vor Besch\u00e4digungen mit Klebstoff w\u00e4hrend Wimpernverl\u00e4ngerung Verfahren.\" \/>\n<meta property=\"og:url\" content=\"https:\/\/faceart.club\/shop\/produkt\/wimpernverlaengerung-tape-klebeband-papierklebeband\/\" \/>\n<meta property=\"og:site_name\" content=\"FaceArt Club Shop\" \/>\n<meta property=\"article:publisher\" content=\"https:\/\/www.facebook.com\/faceart.club\/\" \/>\n<meta property=\"article:modified_time\" content=\"2023-10-27T16:35:14+00:00\" \/>\n<meta property=\"og:image\" content=\"https:\/\/faceart.club\/shop\/wp-content\/uploads\/2019\/09\/wimpernverla\u0308ngerung-tape-klebeband.jpg\" \/>\n\t<meta property=\"og:image:width\" content=\"500\" \/>\n\t<meta property=\"og:image:height\" content=\"500\" \/>\n\t<meta property=\"og:image:type\" content=\"image\/jpeg\" \/>\n<meta name=\"twitter:card\" content=\"summary_large_image\" \/>\n<meta name=\"twitter:site\" content=\"@faceart_club\" \/>\n<meta name=\"twitter:label1\" content=\"Gesch\u00e4tzte Lesezeit\" \/>\n\t<meta name=\"twitter:data1\" content=\"1\u00a0Minute\" \/>\n<script type=\"application\/ld+json\" class=\"yoast-schema-graph\">{\"@context\":\"https:\\\/\\\/schema.org\",\"@graph\":[{\"@type\":\"WebPage\",\"@id\":\"https:\\\/\\\/faceart.club\\\/shop\\\/produkt\\\/wimpernverlaengerung-tape-klebeband-papierklebeband\\\/\",\"url\":\"https:\\\/\\\/faceart.club\\\/shop\\\/produkt\\\/wimpernverlaengerung-tape-klebeband-papierklebeband\\\/\",\"name\":\"Wimpernverl\u00e4ngerung Tape, Klebeband, Papierklebeband - FaceArt Club Shop\",\"isPartOf\":{\"@id\":\"https:\\\/\\\/faceart.club\\\/shop\\\/#website\"},\"primaryImageOfPage\":{\"@id\":\"https:\\\/\\\/faceart.club\\\/shop\\\/produkt\\\/wimpernverlaengerung-tape-klebeband-papierklebeband\\\/#primaryimage\"},\"image\":{\"@id\":\"https:\\\/\\\/faceart.club\\\/shop\\\/produkt\\\/wimpernverlaengerung-tape-klebeband-papierklebeband\\\/#primaryimage\"},\"thumbnailUrl\":\"https:\\\/\\\/faceart.club\\\/shop\\\/wp-content\\\/uploads\\\/2019\\\/09\\\/wimpernverla\u0308ngerung-tape-klebeband.jpg\",\"datePublished\":\"2019-09-27T13:01:42+00:00\",\"dateModified\":\"2023-10-27T16:35:14+00:00\",\"breadcrumb\":{\"@id\":\"https:\\\/\\\/faceart.club\\\/shop\\\/produkt\\\/wimpernverlaengerung-tape-klebeband-papierklebeband\\\/#breadcrumb\"},\"inLanguage\":\"de\",\"potentialAction\":[{\"@type\":\"ReadAction\",\"target\":[\"https:\\\/\\\/faceart.club\\\/shop\\\/produkt\\\/wimpernverlaengerung-tape-klebeband-papierklebeband\\\/\"]}]},{\"@type\":\"ImageObject\",\"inLanguage\":\"de\",\"@id\":\"https:\\\/\\\/faceart.club\\\/shop\\\/produkt\\\/wimpernverlaengerung-tape-klebeband-papierklebeband\\\/#primaryimage\",\"url\":\"https:\\\/\\\/faceart.club\\\/shop\\\/wp-content\\\/uploads\\\/2019\\\/09\\\/wimpernverla\u0308ngerung-tape-klebeband.jpg\",\"contentUrl\":\"https:\\\/\\\/faceart.club\\\/shop\\\/wp-content\\\/uploads\\\/2019\\\/09\\\/wimpernverla\u0308ngerung-tape-klebeband.jpg\",\"width\":500,\"height\":500},{\"@type\":\"BreadcrumbList\",\"@id\":\"https:\\\/\\\/faceart.club\\\/shop\\\/produkt\\\/wimpernverlaengerung-tape-klebeband-papierklebeband\\\/#breadcrumb\",\"itemListElement\":[{\"@type\":\"ListItem\",\"position\":1,\"name\":\"Home\",\"item\":\"https:\\\/\\\/faceart.club\\\/shop\\\/\"},{\"@type\":\"ListItem\",\"position\":2,\"name\":\"Home\",\"item\":\"https:\\\/\\\/faceart.club\\\/shop\\\/\"},{\"@type\":\"ListItem\",\"position\":3,\"name\":\"Wimpernverl\u00e4ngerung Tape, Klebeband, Papierklebeband\"}]},{\"@type\":\"WebSite\",\"@id\":\"https:\\\/\\\/faceart.club\\\/shop\\\/#website\",\"url\":\"https:\\\/\\\/faceart.club\\\/shop\\\/\",\"name\":\"FaceArt Club Shop\",\"description\":\"Wimpern &amp; Augenbrauen Produkte\",\"publisher\":{\"@id\":\"https:\\\/\\\/faceart.club\\\/shop\\\/#organization\"},\"potentialAction\":[{\"@type\":\"SearchAction\",\"target\":{\"@type\":\"EntryPoint\",\"urlTemplate\":\"https:\\\/\\\/faceart.club\\\/shop\\\/?s={search_term_string}\"},\"query-input\":{\"@type\":\"PropertyValueSpecification\",\"valueRequired\":true,\"valueName\":\"search_term_string\"}}],\"inLanguage\":\"de\"},{\"@type\":\"Organization\",\"@id\":\"https:\\\/\\\/faceart.club\\\/shop\\\/#organization\",\"name\":\"FaceArt Club Shop\",\"url\":\"https:\\\/\\\/faceart.club\\\/shop\\\/\",\"logo\":{\"@type\":\"ImageObject\",\"inLanguage\":\"de\",\"@id\":\"https:\\\/\\\/faceart.club\\\/shop\\\/#\\\/schema\\\/logo\\\/image\\\/\",\"url\":\"https:\\\/\\\/faceart.club\\\/shop\\\/wp-content\\\/uploads\\\/2024\\\/04\\\/faceart_club_logo_blau_weiss_2800x2800-scaled.jpg\",\"contentUrl\":\"https:\\\/\\\/faceart.club\\\/shop\\\/wp-content\\\/uploads\\\/2024\\\/04\\\/faceart_club_logo_blau_weiss_2800x2800-scaled.jpg\",\"width\":2560,\"height\":2560,\"caption\":\"FaceArt Club Shop\"},\"image\":{\"@id\":\"https:\\\/\\\/faceart.club\\\/shop\\\/#\\\/schema\\\/logo\\\/image\\\/\"},\"sameAs\":[\"https:\\\/\\\/www.facebook.com\\\/faceart.club\\\/\",\"https:\\\/\\\/x.com\\\/faceart_club\",\"https:\\\/\\\/www.instagram.com\\\/faceart_club\"]}]}<\/script>\n<!-- \/ Yoast SEO plugin. -->","yoast_head_json":{"title":"Wimpernverl\u00e4ngerung Tape, Klebeband, Papierklebeband - FaceArt Club Shop","robots":{"index":"index","follow":"follow","max-snippet":"max-snippet:-1","max-image-preview":"max-image-preview:large","max-video-preview":"max-video-preview:-1"},"canonical":"https:\/\/faceart.club\/shop\/produkt\/wimpernverlaengerung-tape-klebeband-papierklebeband\/","og_locale":"de_DE","og_type":"article","og_title":"Wimpernverl\u00e4ngerung Tape, Klebeband, Papierklebeband - FaceArt Club Shop","og_description":"Sofort lieferbar! Lieferzeit 2-5 Tage.  &nbsp;   Hochwertiges Tape, Klebeband f\u00fcr die Wimpernverl\u00e4ngerung, fusselfrei und atmungsaktiv auf der Haut, zum Abdecken der unteren Wimpernreihe bei der Wimpernverl\u00e4ngerung.  Diese Papierklebeband Micropore sch\u00fctzt das untere Lid und die untere Wimpernreihe w\u00e4hrend der Wimpernbehandlung. Die anti-allergische Unterseite klebt sicher und l\u00e4sst sich dennoch schmerzfrei und leicht nach der Behandlung entfernen.  Geeignet f\u00fcr Make-up Salon, Kosmetik-Studio, Make-up Artist  Chirurgische Band dient zur Deckung der unteren Wimpern oder auf die Augenlider w\u00e4hrend der Applikation der Wimpern Extensions Band.  Micropore Band dient auch zum Schutz Ihrer jade Stein vor Besch\u00e4digungen mit Klebstoff w\u00e4hrend Wimpernverl\u00e4ngerung Verfahren.","og_url":"https:\/\/faceart.club\/shop\/produkt\/wimpernverlaengerung-tape-klebeband-papierklebeband\/","og_site_name":"FaceArt Club Shop","article_publisher":"https:\/\/www.facebook.com\/faceart.club\/","article_modified_time":"2023-10-27T16:35:14+00:00","og_image":[{"width":500,"height":500,"url":"https:\/\/faceart.club\/shop\/wp-content\/uploads\/2019\/09\/wimpernverla\u0308ngerung-tape-klebeband.jpg","type":"image\/jpeg"}],"twitter_card":"summary_large_image","twitter_site":"@faceart_club","twitter_misc":{"Gesch\u00e4tzte Lesezeit":"1\u00a0Minute"},"schema":{"@context":"https:\/\/schema.org","@graph":[{"@type":"WebPage","@id":"https:\/\/faceart.club\/shop\/produkt\/wimpernverlaengerung-tape-klebeband-papierklebeband\/","url":"https:\/\/faceart.club\/shop\/produkt\/wimpernverlaengerung-tape-klebeband-papierklebeband\/","name":"Wimpernverl\u00e4ngerung Tape, Klebeband, Papierklebeband - FaceArt Club Shop","isPartOf":{"@id":"https:\/\/faceart.club\/shop\/#website"},"primaryImageOfPage":{"@id":"https:\/\/faceart.club\/shop\/produkt\/wimpernverlaengerung-tape-klebeband-papierklebeband\/#primaryimage"},"image":{"@id":"https:\/\/faceart.club\/shop\/produkt\/wimpernverlaengerung-tape-klebeband-papierklebeband\/#primaryimage"},"thumbnailUrl":"https:\/\/faceart.club\/shop\/wp-content\/uploads\/2019\/09\/wimpernverla\u0308ngerung-tape-klebeband.jpg","datePublished":"2019-09-27T13:01:42+00:00","dateModified":"2023-10-27T16:35:14+00:00","breadcrumb":{"@id":"https:\/\/faceart.club\/shop\/produkt\/wimpernverlaengerung-tape-klebeband-papierklebeband\/#breadcrumb"},"inLanguage":"de","potentialAction":[{"@type":"ReadAction","target":["https:\/\/faceart.club\/shop\/produkt\/wimpernverlaengerung-tape-klebeband-papierklebeband\/"]}]},{"@type":"ImageObject","inLanguage":"de","@id":"https:\/\/faceart.club\/shop\/produkt\/wimpernverlaengerung-tape-klebeband-papierklebeband\/#primaryimage","url":"https:\/\/faceart.club\/shop\/wp-content\/uploads\/2019\/09\/wimpernverla\u0308ngerung-tape-klebeband.jpg","contentUrl":"https:\/\/faceart.club\/shop\/wp-content\/uploads\/2019\/09\/wimpernverla\u0308ngerung-tape-klebeband.jpg","width":500,"height":500},{"@type":"BreadcrumbList","@id":"https:\/\/faceart.club\/shop\/produkt\/wimpernverlaengerung-tape-klebeband-papierklebeband\/#breadcrumb","itemListElement":[{"@type":"ListItem","position":1,"name":"Home","item":"https:\/\/faceart.club\/shop\/"},{"@type":"ListItem","position":2,"name":"Home","item":"https:\/\/faceart.club\/shop\/"},{"@type":"ListItem","position":3,"name":"Wimpernverl\u00e4ngerung Tape, Klebeband, Papierklebeband"}]},{"@type":"WebSite","@id":"https:\/\/faceart.club\/shop\/#website","url":"https:\/\/faceart.club\/shop\/","name":"FaceArt Club Shop","description":"Wimpern &amp; Augenbrauen Produkte","publisher":{"@id":"https:\/\/faceart.club\/shop\/#organization"},"potentialAction":[{"@type":"SearchAction","target":{"@type":"EntryPoint","urlTemplate":"https:\/\/faceart.club\/shop\/?s={search_term_string}"},"query-input":{"@type":"PropertyValueSpecification","valueRequired":true,"valueName":"search_term_string"}}],"inLanguage":"de"},{"@type":"Organization","@id":"https:\/\/faceart.club\/shop\/#organization","name":"FaceArt Club Shop","url":"https:\/\/faceart.club\/shop\/","logo":{"@type":"ImageObject","inLanguage":"de","@id":"https:\/\/faceart.club\/shop\/#\/schema\/logo\/image\/","url":"https:\/\/faceart.club\/shop\/wp-content\/uploads\/2024\/04\/faceart_club_logo_blau_weiss_2800x2800-scaled.jpg","contentUrl":"https:\/\/faceart.club\/shop\/wp-content\/uploads\/2024\/04\/faceart_club_logo_blau_weiss_2800x2800-scaled.jpg","width":2560,"height":2560,"caption":"FaceArt Club Shop"},"image":{"@id":"https:\/\/faceart.club\/shop\/#\/schema\/logo\/image\/"},"sameAs":["https:\/\/www.facebook.com\/faceart.club\/","https:\/\/x.com\/faceart_club","https:\/\/www.instagram.com\/faceart_club"]}]}},"uagb_featured_image_src":{"full":["https:\/\/faceart.club\/shop\/wp-content\/uploads\/2019\/09\/wimpernverla\u0308ngerung-tape-klebeband.jpg",500,500,false],"thumbnail":["https:\/\/faceart.club\/shop\/wp-content\/uploads\/2019\/09\/wimpernverla\u0308ngerung-tape-klebeband-150x150.jpg",150,150,true],"medium":["https:\/\/faceart.club\/shop\/wp-content\/uploads\/2019\/09\/wimpernverla\u0308ngerung-tape-klebeband-300x300.jpg",300,300,true],"medium_large":["https:\/\/faceart.club\/shop\/wp-content\/uploads\/2019\/09\/wimpernverla\u0308ngerung-tape-klebeband.jpg",500,500,false],"large":["https:\/\/faceart.club\/shop\/wp-content\/uploads\/2019\/09\/wimpernverla\u0308ngerung-tape-klebeband.jpg",500,500,false],"1536x1536":["https:\/\/faceart.club\/shop\/wp-content\/uploads\/2019\/09\/wimpernverla\u0308ngerung-tape-klebeband.jpg",500,500,false],"2048x2048":["https:\/\/faceart.club\/shop\/wp-content\/uploads\/2019\/09\/wimpernverla\u0308ngerung-tape-klebeband.jpg",500,500,false],"et-pb-post-main-image":["https:\/\/faceart.club\/shop\/wp-content\/uploads\/2019\/09\/wimpernverla\u0308ngerung-tape-klebeband-400x250.jpg",400,250,true],"et-pb-post-main-image-fullwidth":["https:\/\/faceart.club\/shop\/wp-content\/uploads\/2019\/09\/wimpernverla\u0308ngerung-tape-klebeband.jpg",500,500,false],"et-pb-portfolio-image":["https:\/\/faceart.club\/shop\/wp-content\/uploads\/2019\/09\/wimpernverla\u0308ngerung-tape-klebeband-400x284.jpg",400,284,true],"et-pb-portfolio-module-image":["https:\/\/faceart.club\/shop\/wp-content\/uploads\/2019\/09\/wimpernverla\u0308ngerung-tape-klebeband-500x382.jpg",500,382,true],"et-pb-portfolio-image-single":["https:\/\/faceart.club\/shop\/wp-content\/uploads\/2019\/09\/wimpernverla\u0308ngerung-tape-klebeband.jpg",500,500,false],"et-pb-gallery-module-image-portrait":["https:\/\/faceart.club\/shop\/wp-content\/uploads\/2019\/09\/wimpernverla\u0308ngerung-tape-klebeband-400x500.jpg",400,500,true],"et-pb-post-main-image-fullwidth-large":["https:\/\/faceart.club\/shop\/wp-content\/uploads\/2019\/09\/wimpernverla\u0308ngerung-tape-klebeband.jpg",500,500,false],"et-pb-image--responsive--desktop":["https:\/\/faceart.club\/shop\/wp-content\/uploads\/2019\/09\/wimpernverla\u0308ngerung-tape-klebeband.jpg",500,500,false],"et-pb-image--responsive--tablet":["https:\/\/faceart.club\/shop\/wp-content\/uploads\/2019\/09\/wimpernverla\u0308ngerung-tape-klebeband.jpg",500,500,false],"et-pb-image--responsive--phone":["https:\/\/faceart.club\/shop\/wp-content\/uploads\/2019\/09\/wimpernverla\u0308ngerung-tape-klebeband.jpg",270,270,false],"woocommerce_thumbnail":["https:\/\/faceart.club\/shop\/wp-content\/uploads\/2019\/09\/wimpernverla\u0308ngerung-tape-klebeband-400x400.jpg",400,400,true],"woocommerce_single":["https:\/\/faceart.club\/shop\/wp-content\/uploads\/2019\/09\/wimpernverla\u0308ngerung-tape-klebeband.jpg",500,500,false],"woocommerce_gallery_thumbnail":["https:\/\/faceart.club\/shop\/wp-content\/uploads\/2019\/09\/wimpernverla\u0308ngerung-tape-klebeband-100x100.jpg",100,100,true]},"uagb_author_info":{"display_name":"FaceArt Club","author_link":"https:\/\/faceart.club\/shop\/author\/"},"uagb_comment_info":0,"uagb_excerpt":"Sofort lieferbar! Lieferzeit 2-5 Tage. &nbsp; Hochwertiges Tape, Klebeband f\u00fcr die Wimpernverl\u00e4ngerung, fusselfrei und atmungsaktiv auf der Haut, zum Abdecken der unteren Wimpernreihe bei der Wimpernverl\u00e4ngerung. Diese Papierklebeband Micropore sch\u00fctzt das untere Lid und die untere Wimpernreihe w\u00e4hrend der Wimpernbehandlung. Die anti-allergische Unterseite klebt sicher und l\u00e4sst sich dennoch schmerzfrei und leicht nach der Behandlung&hellip;","tiered_pricing_type":"fixed","tiered_pricing_fixed_rules":[],"tiered_pricing_product_settings":{"layout":"default","base_unit_name":{"singular":null,"plural":null},"default_variation":null},"tiered_pricing_minimum_quantity":null,"tiered_pricing_roles_data":[],"tiered_pricing_percentage_rules":[],"_links":{"self":[{"href":"https:\/\/faceart.club\/shop\/wp-json\/wp\/v2\/product\/2044","targetHints":{"allow":["GET"]}}],"collection":[{"href":"https:\/\/faceart.club\/shop\/wp-json\/wp\/v2\/product"}],"about":[{"href":"https:\/\/faceart.club\/shop\/wp-json\/wp\/v2\/types\/product"}],"replies":[{"embeddable":true,"href":"https:\/\/faceart.club\/shop\/wp-json\/wp\/v2\/comments?post=2044"}],"wp:featuredmedia":[{"embeddable":true,"href":"https:\/\/faceart.club\/shop\/wp-json\/wp\/v2\/media\/2050"}],"wp:attachment":[{"href":"https:\/\/faceart.club\/shop\/wp-json\/wp\/v2\/media?parent=2044"}],"wp:term":[{"taxonomy":"product_brand","embeddable":true,"href":"https:\/\/faceart.club\/shop\/wp-json\/wp\/v2\/product_brand?post=2044"},{"taxonomy":"product_cat","embeddable":true,"href":"https:\/\/faceart.club\/shop\/wp-json\/wp\/v2\/product_cat?post=2044"},{"taxonomy":"product_tag","embeddable":true,"href":"https:\/\/faceart.club\/shop\/wp-json\/wp\/v2\/product_tag?post=2044"}],"curies":[{"name":"wp","href":"https:\/\/api.w.org\/{rel}","templated":true}]}}